{"id":3532,"date":"2023-09-19T14:03:38","date_gmt":"2023-09-19T14:03:38","guid":{"rendered":"https:\/\/ambsoftware-com.gryf.ambsoft.pl\/product-lifecycle-management\/"},"modified":"2023-11-09T07:14:02","modified_gmt":"2023-11-09T07:14:02","slug":"product-lifecycle-management","status":"publish","type":"page","link":"https:\/\/ambsoftware-com.gryf.ambsoft.pl\/pl\/product-lifecycle-management\/","title":{"rendered":"Product Lifecycle Management"},"content":{"rendered":"\t\t<div data-elementor-type=\"wp-page\" data-elementor-id=\"3532\" class=\"elementor elementor-3532 elementor-458\" data-elementor-post-type=\"page\">\n\t\t\t\t<div class=\"elementor-element elementor-element-3a6d84f e-flex e-con-boxed e-con e-parent\" data-id=\"3a6d84f\" data-element_type=\"container\">\n\t\t\t\t\t<div class=\"e-con-inner\">\n\t\t\t\t<div class=\"elementor-element elementor-element-aaac96d elementor-widget elementor-widget-heading\" data-id=\"aaac96d\" data-element_type=\"widget\" data-widget_type=\"heading.default\">\n\t\t\t\t<div class=\"elementor-widget-container\">\n\t\t\t<h2 class=\"elementor-heading-title elementor-size-default\">ZARZ\u0104DZANIE CYKLEM \u017bYCIA PRODUKTU<\/h2>\t\t<\/div>\n\t\t\t\t<\/div>\n\t\t\t\t<div class=\"elementor-element elementor-element-eaa0f2e elementor-widget__width-initial elementor-widget-tablet__width-inherit elementor-widget elementor-widget-text-editor\" data-id=\"eaa0f2e\" data-element_type=\"widget\" data-widget_type=\"text-editor.default\">\n\t\t\t\t<div class=\"elementor-widget-container\">\n\t\t\t\t\t\t\t<section>\n<div class=\"container\">\n<div class=\"col-xs-12 intro standard-margin-bottom\">\n<div class=\"ezrichtext-field\">\n<p>Nasze wszechstronne umiej\u0119tno\u015bci pozwalaj\u0105 nam na rozwi\u0105zywanie wszystkich aspekt\u00f3w przep\u0142ywu pracy wykorzystywanych podczas zarz\u0105dzania dowolnym cyklem \u017cycia produktu. Dla ka\u017cdego rozwi\u0105zania i produktu istnieje podobny zestaw podrz\u0119dnych proces\u00f3w zarz\u0105dzania cyklem \u017cycia, kt\u00f3re nale\u017cy rozwa\u017cy\u0107. amb software, jako do\u015bwiadczony partner biznesowy, jest w stanie radzi\u0107 sobie ze wszystkimi aspektami ka\u017cdej cz\u0119\u015bci cyklu \u017cycia produktu. Nasi klienci mog\u0105 wybiera\u0107 zestaw us\u0142ug dostarczanych przez amb. Jeste\u015bmy elastyczni i zawsze dostosowujemy si\u0119 do oczekiwa\u0144 klient\u00f3w.<\/p>\n<\/div>\n<\/div>\n<\/div>\n<\/section>\n<section>\n<div class=\"container\">\n<div class=\"col-xs-12 intro standard-margin-bottom\">\n<div class=\"ezrichtext-field\">\n<p>Lata do\u015bwiadcze\u0144 w r\u00f3\u017cnych dziedzinach rozwoju produktu doprowadzi\u0142y nas do zrozumienia z\u0142o\u017cono\u015bci Zarz\u0105dzania Cyklem \u017bycia Produktu, jako zestawu wzajemnie po\u0142\u0105czonych proces\u00f3w, anga\u017cuj\u0105cych jedn\u0105 lub wi\u0119cej firm i ich pracownik\u00f3w. Uczestniczyli\u015bmy w tych procesach, wcielaj\u0105c si\u0119 w ka\u017cd\u0105 z r\u00f3l, w zale\u017cno\u015bci od wymaga\u0144 klienta.<\/p>\n<p>Zdajemy sobie spraw\u0119, \u017ce proces ten jest procesem iteracyjnym, kt\u00f3ry musi by\u0107 postrzegany jako zesp\u00f3\u0142 nieprzerwanie dzia\u0142aj\u0105cych podproces\u00f3w, anga\u017cuj\u0105cych grup\u0119 r\u00f3\u017cnych r\u00f3l. Ich wsp\u00f3lne cele to:<\/p>\n<ul>\n<li>Rozw\u00f3j produktu dzi\u0119ki zaspokajaniu potrzeb biznesowych (zmieniaj\u0105cych si\u0119 podczas cyklu \u017cycia produktu).<\/li>\n<li>Dostarczanie produkt\u00f3w w minimalnym czasie wprowadzenia na rynek.<\/li>\n<li>Bezpiecze\u0144stwo, solidno\u015b\u0107 i dojrza\u0142o\u015b\u0107 produktu.<\/li>\n<li>Produkt spe\u0142niaj\u0105cy SLA.<\/li>\n<li>Serwis produkt\u00f3w stawiaj\u0105cy sobie za cel satysfakcj\u0119 u\u017cytkownika.<\/li>\n<\/ul>\n<p>Obecnie produkty IT stanowi\u0105 agregacj\u0119 us\u0142ug (lub mikro-us\u0142ug), aplikacji i modu\u0142\u00f3w. Niekt\u00f3re z nich stanowi\u0105 integraln\u0105 cz\u0119\u015b\u0107 produktu, podczas gdy inne to powtarzalne us\u0142ugi, modu\u0142y lub aplikacje wielokrotnego u\u017cytku, b\u0119d\u0105ce rozwi\u0105zaniami problem\u00f3w zwi\u0105zanych z cross-concern (na przyk\u0142ad uwierzytelnianie, autoryzacja, monitorowanie, buforowanie itp.).<\/p>\n<p>Aby lepiej zrozumie\u0107 ten skomplikowany proces, przygotowali\u015bmy przegl\u0105d ca\u0142ego cyklu \u017cycia produktu na wszystkich jego etapach.<\/p>\n<\/div>\n<\/div>\n<\/div>\n<\/section>\n\t\t\t\t\t\t<\/div>\n\t\t\t\t<\/div>\n\t\t\t\t\t<\/div>\n\t\t\t\t<\/div>\n\t\t<div class=\"elementor-element elementor-element-09034b0 servicesmore e-flex e-con-boxed e-con e-parent\" data-id=\"09034b0\" data-element_type=\"container\">\n\t\t\t\t\t<div class=\"e-con-inner\">\n\t\t<div class=\"elementor-element elementor-element-b68a4fe e-con-full e-flex e-con e-child\" data-id=\"b68a4fe\" data-element_type=\"container\">\n\t\t\t\t<div class=\"elementor-element elementor-element-9a825c8 elementor-align-center elementor-widget elementor-widget-button\" data-id=\"9a825c8\" data-element_type=\"widget\" data-widget_type=\"button.default\">\n\t\t\t\t<div class=\"elementor-widget-container\">\n\t\t\t\t\t<div class=\"elementor-button-wrapper\">\n\t\t\t<a class=\"elementor-button elementor-button-link elementor-size-sm\" href=\"https:\/\/ambsoftware-com.gryf.ambsoft.pl\/pl\/service\/the-architecture-governance-process\/\">\n\t\t\t\t\t\t<span class=\"elementor-button-content-wrapper\">\n\t\t\t\t\t\t\t\t\t<span class=\"elementor-button-text\">THE ARCHITECTURE GOVERNANCE PROCESS \/ DESIGN PHASE<\/span>\n\t\t\t\t\t<\/span>\n\t\t\t\t\t<\/a>\n\t\t<\/div>\n\t\t\t\t<\/div>\n\t\t\t\t<\/div>\n\t\t\t\t<\/div>\n\t\t<div class=\"elementor-element elementor-element-de494d0 e-con-full e-flex e-con e-child\" data-id=\"de494d0\" data-element_type=\"container\">\n\t\t\t\t<div class=\"elementor-element elementor-element-878082e elementor-align-center elementor-widget elementor-widget-button\" data-id=\"878082e\" data-element_type=\"widget\" data-widget_type=\"button.default\">\n\t\t\t\t<div class=\"elementor-widget-container\">\n\t\t\t\t\t<div class=\"elementor-button-wrapper\">\n\t\t\t<a class=\"elementor-button elementor-button-link elementor-size-sm\" href=\"https:\/\/ambsoftware-com.gryf.ambsoft.pl\/pl\/service\/production-planning-process-planning-phase\/\">\n\t\t\t\t\t\t<span class=\"elementor-button-content-wrapper\">\n\t\t\t\t\t\t\t\t\t<span class=\"elementor-button-text\">PRODUCTION PLANNING PROCESS \/ PLANNING PHASE<\/span>\n\t\t\t\t\t<\/span>\n\t\t\t\t\t<\/a>\n\t\t<\/div>\n\t\t\t\t<\/div>\n\t\t\t\t<\/div>\n\t\t\t\t<\/div>\n\t\t<div class=\"elementor-element elementor-element-2366dc2 e-con-full e-flex e-con e-child\" data-id=\"2366dc2\" data-element_type=\"container\">\n\t\t\t\t<div class=\"elementor-element elementor-element-e708307 elementor-align-center elementor-widget elementor-widget-button\" data-id=\"e708307\" data-element_type=\"widget\" data-widget_type=\"button.default\">\n\t\t\t\t<div class=\"elementor-widget-container\">\n\t\t\t\t\t<div class=\"elementor-button-wrapper\">\n\t\t\t<a class=\"elementor-button elementor-button-link elementor-size-sm\" href=\"https:\/\/ambsoftware-com.gryf.ambsoft.pl\/pl\/service\/the-development-and-release-management\/\">\n\t\t\t\t\t\t<span class=\"elementor-button-content-wrapper\">\n\t\t\t\t\t\t\t\t\t<span class=\"elementor-button-text\">THE DEVELOPMENT AND RELEASE MANAGEMENT PROCESS \/ DEVELOPMENT PHASE<\/span>\n\t\t\t\t\t<\/span>\n\t\t\t\t\t<\/a>\n\t\t<\/div>\n\t\t\t\t<\/div>\n\t\t\t\t<\/div>\n\t\t\t\t<\/div>\n\t\t<div class=\"elementor-element elementor-element-df0414e e-con-full e-flex e-con e-child\" data-id=\"df0414e\" data-element_type=\"container\">\n\t\t\t\t<div class=\"elementor-element elementor-element-38d27b8 elementor-align-center elementor-widget elementor-widget-button\" data-id=\"38d27b8\" data-element_type=\"widget\" data-widget_type=\"button.default\">\n\t\t\t\t<div class=\"elementor-widget-container\">\n\t\t\t\t\t<div class=\"elementor-button-wrapper\">\n\t\t\t<a class=\"elementor-button elementor-button-link elementor-size-sm\" href=\"https:\/\/ambsoftware-com.gryf.ambsoft.pl\/pl\/service\/the-deployment-process-deployment-phase\/\">\n\t\t\t\t\t\t<span class=\"elementor-button-content-wrapper\">\n\t\t\t\t\t\t\t\t\t<span class=\"elementor-button-text\">THE DEPLOYMENT PROCESS \/ DEPLOYMENT PHASE<\/span>\n\t\t\t\t\t<\/span>\n\t\t\t\t\t<\/a>\n\t\t<\/div>\n\t\t\t\t<\/div>\n\t\t\t\t<\/div>\n\t\t\t\t<\/div>\n\t\t<div class=\"elementor-element elementor-element-cb09e55 e-con-full e-flex e-con e-child\" data-id=\"cb09e55\" data-element_type=\"container\">\n\t\t\t\t<div class=\"elementor-element elementor-element-57e38f8 elementor-align-center elementor-widget elementor-widget-button\" data-id=\"57e38f8\" data-element_type=\"widget\" data-widget_type=\"button.default\">\n\t\t\t\t<div class=\"elementor-widget-container\">\n\t\t\t\t\t<div class=\"elementor-button-wrapper\">\n\t\t\t<a class=\"elementor-button elementor-button-link elementor-size-sm\" href=\"https:\/\/ambsoftware-com.gryf.ambsoft.pl\/pl\/service\/the-support-service-maintenance-process-servise-maintenace-phase\/\">\n\t\t\t\t\t\t<span class=\"elementor-button-content-wrapper\">\n\t\t\t\t\t\t\t\t\t<span class=\"elementor-button-text\">THE SUPPORT (SERVICE & MAINTENANCE) PROCESS \/ SERVISE & MAINTENACE PHASE<\/span>\n\t\t\t\t\t<\/span>\n\t\t\t\t\t<\/a>\n\t\t<\/div>\n\t\t\t\t<\/div>\n\t\t\t\t<\/div>\n\t\t\t\t<\/div>\n\t\t\t\t\t<\/div>\n\t\t\t\t<\/div>\n\t\t\t\t<\/div>\n\t\t","protected":false},"excerpt":{"rendered":"<p>ZARZ\u0104DZANIE CYKLEM \u017bYCIA PRODUKTU Nasze wszechstronne umiej\u0119tno\u015bci pozwalaj\u0105 nam na rozwi\u0105zywanie wszystkich aspekt\u00f3w przep\u0142ywu pracy wykorzystywanych podczas zarz\u0105dzania dowolnym cyklem \u017cycia produktu. Dla ka\u017cdego rozwi\u0105zania i produktu istnieje podobny zestaw podrz\u0119dnych proces\u00f3w zarz\u0105dzania cyklem \u017cycia, kt\u00f3re nale\u017cy rozwa\u017cy\u0107. amb software, jako do\u015bwiadczony partner biznesowy, jest w stanie radzi\u0107 sobie ze wszystkimi aspektami ka\u017cdej cz\u0119\u015bci cyklu [&hellip;]<\/p>\n","protected":false},"author":1,"featured_media":1054,"parent":0,"menu_order":0,"comment_status":"closed","ping_status":"closed","template":"","meta":{"_acf_changed":false,"footnotes":""},"class_list":["post-3532","page","type-page","status-publish","has-post-thumbnail","hentry"],"acf":[],"yoast_head":"<!-- This site is optimized with the Yoast SEO plugin v23.5 - https:\/\/yoast.com\/wordpress\/plugins\/seo\/ -->\n<title>Product Lifecycle Management - AMBsoftware<\/title>\n<meta name=\"robots\" content=\"noindex, follow, max-snippet:-1, max-image-preview:large, max-video-preview:-1\" \/>\n<meta property=\"og:locale\" content=\"pl_PL\" \/>\n<meta property=\"og:type\" content=\"article\" \/>\n<meta property=\"og:title\" content=\"Product Lifecycle Management - AMBsoftware\" \/>\n<meta property=\"og:description\" content=\"ZARZ\u0104DZANIE CYKLEM \u017bYCIA PRODUKTU Nasze wszechstronne umiej\u0119tno\u015bci pozwalaj\u0105 nam na rozwi\u0105zywanie wszystkich aspekt\u00f3w przep\u0142ywu pracy wykorzystywanych podczas zarz\u0105dzania dowolnym cyklem \u017cycia produktu. Dla ka\u017cdego rozwi\u0105zania i produktu istnieje podobny zestaw podrz\u0119dnych proces\u00f3w zarz\u0105dzania cyklem \u017cycia, kt\u00f3re nale\u017cy rozwa\u017cy\u0107. amb software, jako do\u015bwiadczony partner biznesowy, jest w stanie radzi\u0107 sobie ze wszystkimi aspektami ka\u017cdej cz\u0119\u015bci cyklu [&hellip;]\" \/>\n<meta property=\"og:url\" content=\"https:\/\/ambsoftware-com.gryf.ambsoft.pl\/pl\/product-lifecycle-management\/\" \/>\n<meta property=\"og:site_name\" content=\"AMBsoftware\" \/>\n<meta property=\"article:modified_time\" content=\"2023-11-09T07:14:02+00:00\" \/>\n<meta property=\"og:image\" content=\"https:\/\/ambsoftware-com.gryf.ambsoft.pl\/wp-content\/uploads\/2023\/09\/AdobeStock_114823177.jpg\" \/>\n\t<meta property=\"og:image:width\" content=\"2024\" \/>\n\t<meta property=\"og:image:height\" content=\"1351\" \/>\n\t<meta property=\"og:image:type\" content=\"image\/jpeg\" \/>\n<meta name=\"twitter:card\" content=\"summary_large_image\" \/>\n<meta name=\"twitter:label1\" content=\"Est. reading time\" \/>\n\t<meta name=\"twitter:data1\" content=\"2 minutes\" \/>\n<script type=\"application\/ld+json\" class=\"yoast-schema-graph\">{\"@context\":\"https:\/\/schema.org\",\"@graph\":[{\"@type\":\"WebPage\",\"@id\":\"https:\/\/ambsoftware-com.gryf.ambsoft.pl\/pl\/product-lifecycle-management\/\",\"url\":\"https:\/\/ambsoftware-com.gryf.ambsoft.pl\/pl\/product-lifecycle-management\/\",\"name\":\"Product Lifecycle Management - AMBsoftware\",\"isPartOf\":{\"@id\":\"https:\/\/ambsoftware-com.gryf.ambsoft.pl\/pl\/#website\"},\"primaryImageOfPage\":{\"@id\":\"https:\/\/ambsoftware-com.gryf.ambsoft.pl\/pl\/product-lifecycle-management\/#primaryimage\"},\"image\":{\"@id\":\"https:\/\/ambsoftware-com.gryf.ambsoft.pl\/pl\/product-lifecycle-management\/#primaryimage\"},\"thumbnailUrl\":\"https:\/\/ambsoftware-com.gryf.ambsoft.pl\/wp-content\/uploads\/2023\/09\/AdobeStock_114823177.jpg\",\"datePublished\":\"2023-09-19T14:03:38+00:00\",\"dateModified\":\"2023-11-09T07:14:02+00:00\",\"breadcrumb\":{\"@id\":\"https:\/\/ambsoftware-com.gryf.ambsoft.pl\/pl\/product-lifecycle-management\/#breadcrumb\"},\"inLanguage\":\"pl-PL\",\"potentialAction\":[{\"@type\":\"ReadAction\",\"target\":[\"https:\/\/ambsoftware-com.gryf.ambsoft.pl\/pl\/product-lifecycle-management\/\"]}]},{\"@type\":\"ImageObject\",\"inLanguage\":\"pl-PL\",\"@id\":\"https:\/\/ambsoftware-com.gryf.ambsoft.pl\/pl\/product-lifecycle-management\/#primaryimage\",\"url\":\"https:\/\/ambsoftware-com.gryf.ambsoft.pl\/wp-content\/uploads\/2023\/09\/AdobeStock_114823177.jpg\",\"contentUrl\":\"https:\/\/ambsoftware-com.gryf.ambsoft.pl\/wp-content\/uploads\/2023\/09\/AdobeStock_114823177.jpg\",\"width\":2024,\"height\":1351},{\"@type\":\"BreadcrumbList\",\"@id\":\"https:\/\/ambsoftware-com.gryf.ambsoft.pl\/pl\/product-lifecycle-management\/#breadcrumb\",\"itemListElement\":[{\"@type\":\"ListItem\",\"position\":1,\"name\":\"Home\",\"item\":\"https:\/\/ambsoftware-com.gryf.ambsoft.pl\/pl\/\"},{\"@type\":\"ListItem\",\"position\":2,\"name\":\"Product Lifecycle Management\"}]},{\"@type\":\"WebSite\",\"@id\":\"https:\/\/ambsoftware-com.gryf.ambsoft.pl\/pl\/#website\",\"url\":\"https:\/\/ambsoftware-com.gryf.ambsoft.pl\/pl\/\",\"name\":\"AMBsoftware\",\"description\":\"\",\"publisher\":{\"@id\":\"https:\/\/ambsoftware-com.gryf.ambsoft.pl\/pl\/#organization\"},\"potentialAction\":[{\"@type\":\"SearchAction\",\"target\":{\"@type\":\"EntryPoint\",\"urlTemplate\":\"https:\/\/ambsoftware-com.gryf.ambsoft.pl\/pl\/?s={search_term_string}\"},\"query-input\":{\"@type\":\"PropertyValueSpecification\",\"valueRequired\":true,\"valueName\":\"search_term_string\"}}],\"inLanguage\":\"pl-PL\"},{\"@type\":\"Organization\",\"@id\":\"https:\/\/ambsoftware-com.gryf.ambsoft.pl\/pl\/#organization\",\"name\":\"AMBsoftware\",\"url\":\"https:\/\/ambsoftware-com.gryf.ambsoft.pl\/pl\/\",\"logo\":{\"@type\":\"ImageObject\",\"inLanguage\":\"pl-PL\",\"@id\":\"https:\/\/ambsoftware-com.gryf.ambsoft.pl\/pl\/#\/schema\/logo\/image\/\",\"url\":\"https:\/\/ambsoftware-com.gryf.ambsoft.pl\/wp-content\/uploads\/2023\/09\/logo.svg\",\"contentUrl\":\"https:\/\/ambsoftware-com.gryf.ambsoft.pl\/wp-content\/uploads\/2023\/09\/logo.svg\",\"width\":54,\"height\":54,\"caption\":\"AMBsoftware\"},\"image\":{\"@id\":\"https:\/\/ambsoftware-com.gryf.ambsoft.pl\/pl\/#\/schema\/logo\/image\/\"}}]}<\/script>\n<!-- \/ Yoast SEO plugin. -->","yoast_head_json":{"title":"Product Lifecycle Management - AMBsoftware","robots":{"index":"noindex","follow":"follow","max-snippet":"max-snippet:-1","max-image-preview":"max-image-preview:large","max-video-preview":"max-video-preview:-1"},"og_locale":"pl_PL","og_type":"article","og_title":"Product Lifecycle Management - AMBsoftware","og_description":"ZARZ\u0104DZANIE CYKLEM \u017bYCIA PRODUKTU Nasze wszechstronne umiej\u0119tno\u015bci pozwalaj\u0105 nam na rozwi\u0105zywanie wszystkich aspekt\u00f3w przep\u0142ywu pracy wykorzystywanych podczas zarz\u0105dzania dowolnym cyklem \u017cycia produktu. Dla ka\u017cdego rozwi\u0105zania i produktu istnieje podobny zestaw podrz\u0119dnych proces\u00f3w zarz\u0105dzania cyklem \u017cycia, kt\u00f3re nale\u017cy rozwa\u017cy\u0107. amb software, jako do\u015bwiadczony partner biznesowy, jest w stanie radzi\u0107 sobie ze wszystkimi aspektami ka\u017cdej cz\u0119\u015bci cyklu [&hellip;]","og_url":"https:\/\/ambsoftware-com.gryf.ambsoft.pl\/pl\/product-lifecycle-management\/","og_site_name":"AMBsoftware","article_modified_time":"2023-11-09T07:14:02+00:00","og_image":[{"width":2024,"height":1351,"url":"https:\/\/ambsoftware-com.gryf.ambsoft.pl\/wp-content\/uploads\/2023\/09\/AdobeStock_114823177.jpg","type":"image\/jpeg"}],"twitter_card":"summary_large_image","twitter_misc":{"Est. reading time":"2 minutes"},"schema":{"@context":"https:\/\/schema.org","@graph":[{"@type":"WebPage","@id":"https:\/\/ambsoftware-com.gryf.ambsoft.pl\/pl\/product-lifecycle-management\/","url":"https:\/\/ambsoftware-com.gryf.ambsoft.pl\/pl\/product-lifecycle-management\/","name":"Product Lifecycle Management - AMBsoftware","isPartOf":{"@id":"https:\/\/ambsoftware-com.gryf.ambsoft.pl\/pl\/#website"},"primaryImageOfPage":{"@id":"https:\/\/ambsoftware-com.gryf.ambsoft.pl\/pl\/product-lifecycle-management\/#primaryimage"},"image":{"@id":"https:\/\/ambsoftware-com.gryf.ambsoft.pl\/pl\/product-lifecycle-management\/#primaryimage"},"thumbnailUrl":"https:\/\/ambsoftware-com.gryf.ambsoft.pl\/wp-content\/uploads\/2023\/09\/AdobeStock_114823177.jpg","datePublished":"2023-09-19T14:03:38+00:00","dateModified":"2023-11-09T07:14:02+00:00","breadcrumb":{"@id":"https:\/\/ambsoftware-com.gryf.ambsoft.pl\/pl\/product-lifecycle-management\/#breadcrumb"},"inLanguage":"pl-PL","potentialAction":[{"@type":"ReadAction","target":["https:\/\/ambsoftware-com.gryf.ambsoft.pl\/pl\/product-lifecycle-management\/"]}]},{"@type":"ImageObject","inLanguage":"pl-PL","@id":"https:\/\/ambsoftware-com.gryf.ambsoft.pl\/pl\/product-lifecycle-management\/#primaryimage","url":"https:\/\/ambsoftware-com.gryf.ambsoft.pl\/wp-content\/uploads\/2023\/09\/AdobeStock_114823177.jpg","contentUrl":"https:\/\/ambsoftware-com.gryf.ambsoft.pl\/wp-content\/uploads\/2023\/09\/AdobeStock_114823177.jpg","width":2024,"height":1351},{"@type":"BreadcrumbList","@id":"https:\/\/ambsoftware-com.gryf.ambsoft.pl\/pl\/product-lifecycle-management\/#breadcrumb","itemListElement":[{"@type":"ListItem","position":1,"name":"Home","item":"https:\/\/ambsoftware-com.gryf.ambsoft.pl\/pl\/"},{"@type":"ListItem","position":2,"name":"Product Lifecycle Management"}]},{"@type":"WebSite","@id":"https:\/\/ambsoftware-com.gryf.ambsoft.pl\/pl\/#website","url":"https:\/\/ambsoftware-com.gryf.ambsoft.pl\/pl\/","name":"AMBsoftware","description":"","publisher":{"@id":"https:\/\/ambsoftware-com.gryf.ambsoft.pl\/pl\/#organization"},"potentialAction":[{"@type":"SearchAction","target":{"@type":"EntryPoint","urlTemplate":"https:\/\/ambsoftware-com.gryf.ambsoft.pl\/pl\/?s={search_term_string}"},"query-input":{"@type":"PropertyValueSpecification","valueRequired":true,"valueName":"search_term_string"}}],"inLanguage":"pl-PL"},{"@type":"Organization","@id":"https:\/\/ambsoftware-com.gryf.ambsoft.pl\/pl\/#organization","name":"AMBsoftware","url":"https:\/\/ambsoftware-com.gryf.ambsoft.pl\/pl\/","logo":{"@type":"ImageObject","inLanguage":"pl-PL","@id":"https:\/\/ambsoftware-com.gryf.ambsoft.pl\/pl\/#\/schema\/logo\/image\/","url":"https:\/\/ambsoftware-com.gryf.ambsoft.pl\/wp-content\/uploads\/2023\/09\/logo.svg","contentUrl":"https:\/\/ambsoftware-com.gryf.ambsoft.pl\/wp-content\/uploads\/2023\/09\/logo.svg","width":54,"height":54,"caption":"AMBsoftware"},"image":{"@id":"https:\/\/ambsoftware-com.gryf.ambsoft.pl\/pl\/#\/schema\/logo\/image\/"}}]}},"_links":{"self":[{"href":"https:\/\/ambsoftware-com.gryf.ambsoft.pl\/pl\/wp-json\/wp\/v2\/pages\/3532","targetHints":{"allow":["GET"]}}],"collection":[{"href":"https:\/\/ambsoftware-com.gryf.ambsoft.pl\/pl\/wp-json\/wp\/v2\/pages"}],"about":[{"href":"https:\/\/ambsoftware-com.gryf.ambsoft.pl\/pl\/wp-json\/wp\/v2\/types\/page"}],"author":[{"embeddable":true,"href":"https:\/\/ambsoftware-com.gryf.ambsoft.pl\/pl\/wp-json\/wp\/v2\/users\/1"}],"replies":[{"embeddable":true,"href":"https:\/\/ambsoftware-com.gryf.ambsoft.pl\/pl\/wp-json\/wp\/v2\/comments?post=3532"}],"version-history":[{"count":1,"href":"https:\/\/ambsoftware-com.gryf.ambsoft.pl\/pl\/wp-json\/wp\/v2\/pages\/3532\/revisions"}],"predecessor-version":[{"id":3533,"href":"https:\/\/ambsoftware-com.gryf.ambsoft.pl\/pl\/wp-json\/wp\/v2\/pages\/3532\/revisions\/3533"}],"wp:featuredmedia":[{"embeddable":true,"href":"https:\/\/ambsoftware-com.gryf.ambsoft.pl\/pl\/wp-json\/wp\/v2\/media\/1054"}],"wp:attachment":[{"href":"https:\/\/ambsoftware-com.gryf.ambsoft.pl\/pl\/wp-json\/wp\/v2\/media?parent=3532"}],"curies":[{"name":"wp","href":"https:\/\/api.w.org\/{rel}","templated":true}]}}