{"id":3519,"date":"2023-09-19T14:03:24","date_gmt":"2023-09-19T14:03:24","guid":{"rendered":"https:\/\/ambsoftware-com.gryf.ambsoft.pl\/it-consulting\/"},"modified":"2023-11-09T06:41:32","modified_gmt":"2023-11-09T06:41:32","slug":"it-consulting","status":"publish","type":"page","link":"https:\/\/ambsoftware-com.gryf.ambsoft.pl\/pl\/it-consulting\/","title":{"rendered":"IT Consulting"},"content":{"rendered":"\t\t<div data-elementor-type=\"wp-page\" data-elementor-id=\"3519\" class=\"elementor elementor-3519 elementor-456\" data-elementor-post-type=\"page\">\n\t\t\t\t<div class=\"elementor-element elementor-element-72b17aa e-flex e-con-boxed e-con e-parent\" data-id=\"72b17aa\" data-element_type=\"container\">\n\t\t\t\t\t<div class=\"e-con-inner\">\n\t\t\t\t<div class=\"elementor-element elementor-element-b45b08b elementor-widget elementor-widget-heading\" data-id=\"b45b08b\" data-element_type=\"widget\" data-widget_type=\"heading.default\">\n\t\t\t\t<div class=\"elementor-widget-container\">\n\t\t\t<h2 class=\"elementor-heading-title elementor-size-default\">IT CONSULTING<\/h2>\t\t<\/div>\n\t\t\t\t<\/div>\n\t\t\t\t<div class=\"elementor-element elementor-element-12864e5 elementor-widget__width-initial elementor-widget-tablet__width-inherit elementor-widget elementor-widget-text-editor\" data-id=\"12864e5\" data-element_type=\"widget\" data-widget_type=\"text-editor.default\">\n\t\t\t\t<div class=\"elementor-widget-container\">\n\t\t\t\t\t\t\t<p>Aby skutecznie konkurowa\u0107 na wysoce rozwini\u0119tym rynku, nasyconym du\u017cymi graczami, takimi jak przedsi\u0119biorstwa ponadnarodowe, \u015brednie przedsi\u0119biorstwa i start-upy, wymagane jest\u00a0 podej\u015bcie strategiczne wysokiej jako\u015bci.<\/p>\n<p>Dlatego us\u0142ugi doradcze w tej dziedzinie staj\u0105 si\u0119 kluczowym elementem, kt\u00f3ry cz\u0119sto decyduje o sukcesie ca\u0142ego pomys\u0142u. W amb zapewniamy naszym klientom profesjonalne doradztwo informatyczne i doradztwo w zakresie analizy biznesowej.<\/p>\n<p>Niezale\u017cnie od tego, czy szukasz elastyczno\u015bci w biznesie, wydajno\u015bci, niezawodno\u015bci czy efektywno\u015bci, amb IT Consulting Services sprawi, \u017ce osi\u0105gniesz sw\u00f3j cel. Nasze us\u0142ugi s\u0105 zorganizowane wok\u00f3\u0142 czterech praktyk konsultingowych, kt\u00f3re indywidualnie lub \u0142\u0105cznie pomagaj\u0105 przekszta\u0142ci\u0107 strategi\u0119 informatyczn\u0105 w rzeczywisto\u015b\u0107.<\/p>\n\t\t\t\t\t\t<\/div>\n\t\t\t\t<\/div>\n\t\t\t\t\t<\/div>\n\t\t\t\t<\/div>\n\t\t<div class=\"elementor-element elementor-element-994f9b0 servicesmore e-flex e-con-boxed e-con e-parent\" data-id=\"994f9b0\" data-element_type=\"container\">\n\t\t\t\t\t<div class=\"e-con-inner\">\n\t\t<div class=\"elementor-element elementor-element-0d4db8c e-con-full e-flex e-con e-child\" data-id=\"0d4db8c\" data-element_type=\"container\">\n\t\t\t\t<div class=\"elementor-element elementor-element-fb432c0 elementor-align-center elementor-widget elementor-widget-button\" data-id=\"fb432c0\" data-element_type=\"widget\" data-widget_type=\"button.default\">\n\t\t\t\t<div class=\"elementor-widget-container\">\n\t\t\t\t\t<div class=\"elementor-button-wrapper\">\n\t\t\t<a class=\"elementor-button elementor-button-link elementor-size-sm\" href=\"https:\/\/ambsoftware-com.gryf.ambsoft.pl\/pl\/service\/software-consulting\/\">\n\t\t\t\t\t\t<span class=\"elementor-button-content-wrapper\">\n\t\t\t\t\t\t\t\t\t<span class=\"elementor-button-text\">SOFTWARE CONSULTING<\/span>\n\t\t\t\t\t<\/span>\n\t\t\t\t\t<\/a>\n\t\t<\/div>\n\t\t\t\t<\/div>\n\t\t\t\t<\/div>\n\t\t\t\t<\/div>\n\t\t<div class=\"elementor-element elementor-element-7657767 e-con-full e-flex e-con e-child\" data-id=\"7657767\" data-element_type=\"container\">\n\t\t\t\t<div class=\"elementor-element elementor-element-633f283 elementor-align-center elementor-widget elementor-widget-button\" data-id=\"633f283\" data-element_type=\"widget\" data-widget_type=\"button.default\">\n\t\t\t\t<div class=\"elementor-widget-container\">\n\t\t\t\t\t<div class=\"elementor-button-wrapper\">\n\t\t\t<a class=\"elementor-button elementor-button-link elementor-size-sm\" href=\"https:\/\/ambsoftware-com.gryf.ambsoft.pl\/pl\/service\/amb-it-consulting\/\">\n\t\t\t\t\t\t<span class=\"elementor-button-content-wrapper\">\n\t\t\t\t\t\t\t\t\t<span class=\"elementor-button-text\">AMB IT CONSULTING<\/span>\n\t\t\t\t\t<\/span>\n\t\t\t\t\t<\/a>\n\t\t<\/div>\n\t\t\t\t<\/div>\n\t\t\t\t<\/div>\n\t\t\t\t<\/div>\n\t\t\t\t\t<\/div>\n\t\t\t\t<\/div>\n\t\t\t\t<\/div>\n\t\t","protected":false},"excerpt":{"rendered":"<p>IT CONSULTING Aby skutecznie konkurowa\u0107 na wysoce rozwini\u0119tym rynku, nasyconym du\u017cymi graczami, takimi jak przedsi\u0119biorstwa ponadnarodowe, \u015brednie przedsi\u0119biorstwa i start-upy, wymagane jest\u00a0 podej\u015bcie strategiczne wysokiej jako\u015bci. Dlatego us\u0142ugi doradcze w tej dziedzinie staj\u0105 si\u0119 kluczowym elementem, kt\u00f3ry cz\u0119sto decyduje o sukcesie ca\u0142ego pomys\u0142u. W amb zapewniamy naszym klientom profesjonalne doradztwo informatyczne i doradztwo w zakresie [&hellip;]<\/p>\n","protected":false},"author":1,"featured_media":1054,"parent":0,"menu_order":0,"comment_status":"closed","ping_status":"closed","template":"","meta":{"_acf_changed":false,"footnotes":""},"class_list":["post-3519","page","type-page","status-publish","has-post-thumbnail","hentry"],"acf":[],"yoast_head":"<!-- This site is optimized with the Yoast SEO plugin v23.5 - https:\/\/yoast.com\/wordpress\/plugins\/seo\/ -->\n<title>IT Consulting - AMBsoftware<\/title>\n<meta name=\"robots\" content=\"noindex, follow, max-snippet:-1, max-image-preview:large, max-video-preview:-1\" \/>\n<meta property=\"og:locale\" content=\"pl_PL\" \/>\n<meta property=\"og:type\" content=\"article\" \/>\n<meta property=\"og:title\" content=\"IT Consulting - AMBsoftware\" \/>\n<meta property=\"og:description\" content=\"IT CONSULTING Aby skutecznie konkurowa\u0107 na wysoce rozwini\u0119tym rynku, nasyconym du\u017cymi graczami, takimi jak przedsi\u0119biorstwa ponadnarodowe, \u015brednie przedsi\u0119biorstwa i start-upy, wymagane jest\u00a0 podej\u015bcie strategiczne wysokiej jako\u015bci. Dlatego us\u0142ugi doradcze w tej dziedzinie staj\u0105 si\u0119 kluczowym elementem, kt\u00f3ry cz\u0119sto decyduje o sukcesie ca\u0142ego pomys\u0142u. W amb zapewniamy naszym klientom profesjonalne doradztwo informatyczne i doradztwo w zakresie [&hellip;]\" \/>\n<meta property=\"og:url\" content=\"https:\/\/ambsoftware-com.gryf.ambsoft.pl\/pl\/it-consulting\/\" \/>\n<meta property=\"og:site_name\" content=\"AMBsoftware\" \/>\n<meta property=\"article:modified_time\" content=\"2023-11-09T06:41:32+00:00\" \/>\n<meta property=\"og:image\" content=\"https:\/\/ambsoftware-com.gryf.ambsoft.pl\/wp-content\/uploads\/2023\/09\/AdobeStock_114823177.jpg\" \/>\n\t<meta property=\"og:image:width\" content=\"2024\" \/>\n\t<meta property=\"og:image:height\" content=\"1351\" \/>\n\t<meta property=\"og:image:type\" content=\"image\/jpeg\" \/>\n<meta name=\"twitter:card\" content=\"summary_large_image\" \/>\n<meta name=\"twitter:label1\" content=\"Est. reading time\" \/>\n\t<meta name=\"twitter:data1\" content=\"1 minute\" \/>\n<script type=\"application\/ld+json\" class=\"yoast-schema-graph\">{\"@context\":\"https:\/\/schema.org\",\"@graph\":[{\"@type\":\"WebPage\",\"@id\":\"https:\/\/ambsoftware-com.gryf.ambsoft.pl\/pl\/it-consulting\/\",\"url\":\"https:\/\/ambsoftware-com.gryf.ambsoft.pl\/pl\/it-consulting\/\",\"name\":\"IT Consulting - AMBsoftware\",\"isPartOf\":{\"@id\":\"https:\/\/ambsoftware-com.gryf.ambsoft.pl\/pl\/#website\"},\"primaryImageOfPage\":{\"@id\":\"https:\/\/ambsoftware-com.gryf.ambsoft.pl\/pl\/it-consulting\/#primaryimage\"},\"image\":{\"@id\":\"https:\/\/ambsoftware-com.gryf.ambsoft.pl\/pl\/it-consulting\/#primaryimage\"},\"thumbnailUrl\":\"https:\/\/ambsoftware-com.gryf.ambsoft.pl\/wp-content\/uploads\/2023\/09\/AdobeStock_114823177.jpg\",\"datePublished\":\"2023-09-19T14:03:24+00:00\",\"dateModified\":\"2023-11-09T06:41:32+00:00\",\"breadcrumb\":{\"@id\":\"https:\/\/ambsoftware-com.gryf.ambsoft.pl\/pl\/it-consulting\/#breadcrumb\"},\"inLanguage\":\"pl-PL\",\"potentialAction\":[{\"@type\":\"ReadAction\",\"target\":[\"https:\/\/ambsoftware-com.gryf.ambsoft.pl\/pl\/it-consulting\/\"]}]},{\"@type\":\"ImageObject\",\"inLanguage\":\"pl-PL\",\"@id\":\"https:\/\/ambsoftware-com.gryf.ambsoft.pl\/pl\/it-consulting\/#primaryimage\",\"url\":\"https:\/\/ambsoftware-com.gryf.ambsoft.pl\/wp-content\/uploads\/2023\/09\/AdobeStock_114823177.jpg\",\"contentUrl\":\"https:\/\/ambsoftware-com.gryf.ambsoft.pl\/wp-content\/uploads\/2023\/09\/AdobeStock_114823177.jpg\",\"width\":2024,\"height\":1351},{\"@type\":\"BreadcrumbList\",\"@id\":\"https:\/\/ambsoftware-com.gryf.ambsoft.pl\/pl\/it-consulting\/#breadcrumb\",\"itemListElement\":[{\"@type\":\"ListItem\",\"position\":1,\"name\":\"Home\",\"item\":\"https:\/\/ambsoftware-com.gryf.ambsoft.pl\/pl\/\"},{\"@type\":\"ListItem\",\"position\":2,\"name\":\"IT Consulting\"}]},{\"@type\":\"WebSite\",\"@id\":\"https:\/\/ambsoftware-com.gryf.ambsoft.pl\/pl\/#website\",\"url\":\"https:\/\/ambsoftware-com.gryf.ambsoft.pl\/pl\/\",\"name\":\"AMBsoftware\",\"description\":\"\",\"publisher\":{\"@id\":\"https:\/\/ambsoftware-com.gryf.ambsoft.pl\/pl\/#organization\"},\"potentialAction\":[{\"@type\":\"SearchAction\",\"target\":{\"@type\":\"EntryPoint\",\"urlTemplate\":\"https:\/\/ambsoftware-com.gryf.ambsoft.pl\/pl\/?s={search_term_string}\"},\"query-input\":{\"@type\":\"PropertyValueSpecification\",\"valueRequired\":true,\"valueName\":\"search_term_string\"}}],\"inLanguage\":\"pl-PL\"},{\"@type\":\"Organization\",\"@id\":\"https:\/\/ambsoftware-com.gryf.ambsoft.pl\/pl\/#organization\",\"name\":\"AMBsoftware\",\"url\":\"https:\/\/ambsoftware-com.gryf.ambsoft.pl\/pl\/\",\"logo\":{\"@type\":\"ImageObject\",\"inLanguage\":\"pl-PL\",\"@id\":\"https:\/\/ambsoftware-com.gryf.ambsoft.pl\/pl\/#\/schema\/logo\/image\/\",\"url\":\"https:\/\/ambsoftware-com.gryf.ambsoft.pl\/wp-content\/uploads\/2023\/09\/logo.svg\",\"contentUrl\":\"https:\/\/ambsoftware-com.gryf.ambsoft.pl\/wp-content\/uploads\/2023\/09\/logo.svg\",\"width\":54,\"height\":54,\"caption\":\"AMBsoftware\"},\"image\":{\"@id\":\"https:\/\/ambsoftware-com.gryf.ambsoft.pl\/pl\/#\/schema\/logo\/image\/\"}}]}<\/script>\n<!-- \/ Yoast SEO plugin. -->","yoast_head_json":{"title":"IT Consulting - AMBsoftware","robots":{"index":"noindex","follow":"follow","max-snippet":"max-snippet:-1","max-image-preview":"max-image-preview:large","max-video-preview":"max-video-preview:-1"},"og_locale":"pl_PL","og_type":"article","og_title":"IT Consulting - AMBsoftware","og_description":"IT CONSULTING Aby skutecznie konkurowa\u0107 na wysoce rozwini\u0119tym rynku, nasyconym du\u017cymi graczami, takimi jak przedsi\u0119biorstwa ponadnarodowe, \u015brednie przedsi\u0119biorstwa i start-upy, wymagane jest\u00a0 podej\u015bcie strategiczne wysokiej jako\u015bci. Dlatego us\u0142ugi doradcze w tej dziedzinie staj\u0105 si\u0119 kluczowym elementem, kt\u00f3ry cz\u0119sto decyduje o sukcesie ca\u0142ego pomys\u0142u. W amb zapewniamy naszym klientom profesjonalne doradztwo informatyczne i doradztwo w zakresie [&hellip;]","og_url":"https:\/\/ambsoftware-com.gryf.ambsoft.pl\/pl\/it-consulting\/","og_site_name":"AMBsoftware","article_modified_time":"2023-11-09T06:41:32+00:00","og_image":[{"width":2024,"height":1351,"url":"https:\/\/ambsoftware-com.gryf.ambsoft.pl\/wp-content\/uploads\/2023\/09\/AdobeStock_114823177.jpg","type":"image\/jpeg"}],"twitter_card":"summary_large_image","twitter_misc":{"Est. reading time":"1 minute"},"schema":{"@context":"https:\/\/schema.org","@graph":[{"@type":"WebPage","@id":"https:\/\/ambsoftware-com.gryf.ambsoft.pl\/pl\/it-consulting\/","url":"https:\/\/ambsoftware-com.gryf.ambsoft.pl\/pl\/it-consulting\/","name":"IT Consulting - AMBsoftware","isPartOf":{"@id":"https:\/\/ambsoftware-com.gryf.ambsoft.pl\/pl\/#website"},"primaryImageOfPage":{"@id":"https:\/\/ambsoftware-com.gryf.ambsoft.pl\/pl\/it-consulting\/#primaryimage"},"image":{"@id":"https:\/\/ambsoftware-com.gryf.ambsoft.pl\/pl\/it-consulting\/#primaryimage"},"thumbnailUrl":"https:\/\/ambsoftware-com.gryf.ambsoft.pl\/wp-content\/uploads\/2023\/09\/AdobeStock_114823177.jpg","datePublished":"2023-09-19T14:03:24+00:00","dateModified":"2023-11-09T06:41:32+00:00","breadcrumb":{"@id":"https:\/\/ambsoftware-com.gryf.ambsoft.pl\/pl\/it-consulting\/#breadcrumb"},"inLanguage":"pl-PL","potentialAction":[{"@type":"ReadAction","target":["https:\/\/ambsoftware-com.gryf.ambsoft.pl\/pl\/it-consulting\/"]}]},{"@type":"ImageObject","inLanguage":"pl-PL","@id":"https:\/\/ambsoftware-com.gryf.ambsoft.pl\/pl\/it-consulting\/#primaryimage","url":"https:\/\/ambsoftware-com.gryf.ambsoft.pl\/wp-content\/uploads\/2023\/09\/AdobeStock_114823177.jpg","contentUrl":"https:\/\/ambsoftware-com.gryf.ambsoft.pl\/wp-content\/uploads\/2023\/09\/AdobeStock_114823177.jpg","width":2024,"height":1351},{"@type":"BreadcrumbList","@id":"https:\/\/ambsoftware-com.gryf.ambsoft.pl\/pl\/it-consulting\/#breadcrumb","itemListElement":[{"@type":"ListItem","position":1,"name":"Home","item":"https:\/\/ambsoftware-com.gryf.ambsoft.pl\/pl\/"},{"@type":"ListItem","position":2,"name":"IT Consulting"}]},{"@type":"WebSite","@id":"https:\/\/ambsoftware-com.gryf.ambsoft.pl\/pl\/#website","url":"https:\/\/ambsoftware-com.gryf.ambsoft.pl\/pl\/","name":"AMBsoftware","description":"","publisher":{"@id":"https:\/\/ambsoftware-com.gryf.ambsoft.pl\/pl\/#organization"},"potentialAction":[{"@type":"SearchAction","target":{"@type":"EntryPoint","urlTemplate":"https:\/\/ambsoftware-com.gryf.ambsoft.pl\/pl\/?s={search_term_string}"},"query-input":{"@type":"PropertyValueSpecification","valueRequired":true,"valueName":"search_term_string"}}],"inLanguage":"pl-PL"},{"@type":"Organization","@id":"https:\/\/ambsoftware-com.gryf.ambsoft.pl\/pl\/#organization","name":"AMBsoftware","url":"https:\/\/ambsoftware-com.gryf.ambsoft.pl\/pl\/","logo":{"@type":"ImageObject","inLanguage":"pl-PL","@id":"https:\/\/ambsoftware-com.gryf.ambsoft.pl\/pl\/#\/schema\/logo\/image\/","url":"https:\/\/ambsoftware-com.gryf.ambsoft.pl\/wp-content\/uploads\/2023\/09\/logo.svg","contentUrl":"https:\/\/ambsoftware-com.gryf.ambsoft.pl\/wp-content\/uploads\/2023\/09\/logo.svg","width":54,"height":54,"caption":"AMBsoftware"},"image":{"@id":"https:\/\/ambsoftware-com.gryf.ambsoft.pl\/pl\/#\/schema\/logo\/image\/"}}]}},"_links":{"self":[{"href":"https:\/\/ambsoftware-com.gryf.ambsoft.pl\/pl\/wp-json\/wp\/v2\/pages\/3519","targetHints":{"allow":["GET"]}}],"collection":[{"href":"https:\/\/ambsoftware-com.gryf.ambsoft.pl\/pl\/wp-json\/wp\/v2\/pages"}],"about":[{"href":"https:\/\/ambsoftware-com.gryf.ambsoft.pl\/pl\/wp-json\/wp\/v2\/types\/page"}],"author":[{"embeddable":true,"href":"https:\/\/ambsoftware-com.gryf.ambsoft.pl\/pl\/wp-json\/wp\/v2\/users\/1"}],"replies":[{"embeddable":true,"href":"https:\/\/ambsoftware-com.gryf.ambsoft.pl\/pl\/wp-json\/wp\/v2\/comments?post=3519"}],"version-history":[{"count":1,"href":"https:\/\/ambsoftware-com.gryf.ambsoft.pl\/pl\/wp-json\/wp\/v2\/pages\/3519\/revisions"}],"predecessor-version":[{"id":3520,"href":"https:\/\/ambsoftware-com.gryf.ambsoft.pl\/pl\/wp-json\/wp\/v2\/pages\/3519\/revisions\/3520"}],"wp:featuredmedia":[{"embeddable":true,"href":"https:\/\/ambsoftware-com.gryf.ambsoft.pl\/pl\/wp-json\/wp\/v2\/media\/1054"}],"wp:attachment":[{"href":"https:\/\/ambsoftware-com.gryf.ambsoft.pl\/pl\/wp-json\/wp\/v2\/media?parent=3519"}],"curies":[{"name":"wp","href":"https:\/\/api.w.org\/{rel}","templated":true}]}}