{"id":3517,"date":"2023-09-19T14:04:03","date_gmt":"2023-09-19T14:04:03","guid":{"rendered":"https:\/\/ambsoftware-com.gryf.ambsoft.pl\/digital-asset-management\/"},"modified":"2023-11-09T06:35:49","modified_gmt":"2023-11-09T06:35:49","slug":"digital-asset-management","status":"publish","type":"page","link":"https:\/\/ambsoftware-com.gryf.ambsoft.pl\/pl\/digital-asset-management\/","title":{"rendered":"DIGITAL ASSET MANAGEMENT"},"content":{"rendered":"\t\t<div data-elementor-type=\"wp-page\" data-elementor-id=\"3517\" class=\"elementor elementor-3517 elementor-462\" data-elementor-post-type=\"page\">\n\t\t\t\t<div class=\"elementor-element elementor-element-f50ebe3 e-flex e-con-boxed e-con e-parent\" data-id=\"f50ebe3\" data-element_type=\"container\">\n\t\t\t\t\t<div class=\"e-con-inner\">\n\t\t\t\t<div class=\"elementor-element elementor-element-2746236 elementor-widget elementor-widget-heading\" data-id=\"2746236\" data-element_type=\"widget\" data-widget_type=\"heading.default\">\n\t\t\t\t<div class=\"elementor-widget-container\">\n\t\t\t<h2 class=\"elementor-heading-title elementor-size-default\">DIGITAL ASSET MANAGEMENT<\/h2>\t\t<\/div>\n\t\t\t\t<\/div>\n\t\t\t\t<div class=\"elementor-element elementor-element-558fb96 elementor-widget__width-initial elementor-widget-tablet__width-inherit elementor-widget elementor-widget-text-editor\" data-id=\"558fb96\" data-element_type=\"widget\" data-widget_type=\"text-editor.default\">\n\t\t\t\t<div class=\"elementor-widget-container\">\n\t\t\t\t\t\t\t<p>Zarz\u0105dzanie danymi (Digital Asset Management &#8211; DAM) przez firm\u0119 amb to skuteczne rozwi\u0105zanie, umo\u017cliwiaj\u0105ce firmom przechowywanie, organizowanie, znajdywanie, pobieranie i udost\u0119pnianie plik\u00f3w cyfrowych. Szybkie wdro\u017cenie i \u0142atwa w obs\u0142udze scentralizowana biblioteka cyfrowa, zapewnia pracownikom, klientom, kontrahentom i innym kluczowym stronom, kontrol\u0119 dost\u0119pu do cyfrowych zasob\u00f3w, w tym do obraz\u00f3w, zdj\u0119\u0107, wideo, plik\u00f3w d\u017awi\u0119kowych, prezentacji, dokument\u00f3w i innych.<\/p>\n<p>Okre\u015blenie zarz\u0105dzania zasobami cyfrowymi obejmuje rzeczywi\u015bcie wiele rozwi\u0105za\u0144 programowych &#8211; od cyfrowej biblioteki plik\u00f3w danej osoby lub zdj\u0119\u0107 fotografa &#8211; do rozwi\u0105za\u0144 podobnych do zarz\u0105dzania tre\u015bci\u0105 przedsi\u0119biorstwa. Najlepsze oprogramowanie do zarz\u0105dzania zasobami cyfrowymi posiada podstawowe funkcje obejmuj\u0105ce przechowywanie w chmurze: spos\u00f3b pobierania zasob\u00f3w, spos\u00f3b dzielenia si\u0119 zasobami i funkcje zarz\u0105dzania mark\u0105. DAM umo\u017cliwia tw\u00f3rcz\u0105 automatyzacj\u0119 przep\u0142ywu pracy, archiwizacj\u0119 i tworzenie kopii zapasowych,\u00a0 a tak\u017ce \u015bledzenie u\u017cytkowania, e-commerce i wiele innych.<\/p>\n\t\t\t\t\t\t<\/div>\n\t\t\t\t<\/div>\n\t\t\t\t\t<\/div>\n\t\t\t\t<\/div>\n\t\t<div class=\"elementor-element elementor-element-39075e3 servicesmore e-flex e-con-boxed e-con e-parent\" data-id=\"39075e3\" data-element_type=\"container\">\n\t\t\t\t\t<div class=\"e-con-inner\">\n\t\t<div class=\"elementor-element elementor-element-ec1e0bc e-con-full e-flex e-con e-child\" data-id=\"ec1e0bc\" data-element_type=\"container\">\n\t\t\t\t<\/div>\n\t\t<div class=\"elementor-element elementor-element-2171ec2 e-con-full e-flex e-con e-child\" data-id=\"2171ec2\" data-element_type=\"container\">\n\t\t\t\t<div class=\"elementor-element elementor-element-6219950 elementor-align-center elementor-widget elementor-widget-button\" data-id=\"6219950\" data-element_type=\"widget\" data-widget_type=\"button.default\">\n\t\t\t\t<div class=\"elementor-widget-container\">\n\t\t\t\t\t<div class=\"elementor-button-wrapper\">\n\t\t\t<a class=\"elementor-button elementor-button-link elementor-size-sm\" href=\"https:\/\/ambsoftware-com.gryf.ambsoft.pl\/pl\/service\/benefits-of-dam\/\">\n\t\t\t\t\t\t<span class=\"elementor-button-content-wrapper\">\n\t\t\t\t\t\t\t\t\t<span class=\"elementor-button-text\">BENEFITS OF DAM<\/span>\n\t\t\t\t\t<\/span>\n\t\t\t\t\t<\/a>\n\t\t<\/div>\n\t\t\t\t<\/div>\n\t\t\t\t<\/div>\n\t\t\t\t<\/div>\n\t\t<div class=\"elementor-element elementor-element-672f066 e-con-full e-flex e-con e-child\" data-id=\"672f066\" data-element_type=\"container\">\n\t\t\t\t<\/div>\n\t\t\t\t\t<\/div>\n\t\t\t\t<\/div>\n\t\t\t\t<\/div>\n\t\t","protected":false},"excerpt":{"rendered":"<p>DIGITAL ASSET MANAGEMENT Zarz\u0105dzanie danymi (Digital Asset Management &#8211; DAM) przez firm\u0119 amb to skuteczne rozwi\u0105zanie, umo\u017cliwiaj\u0105ce firmom przechowywanie, organizowanie, znajdywanie, pobieranie i udost\u0119pnianie plik\u00f3w cyfrowych. Szybkie wdro\u017cenie i \u0142atwa w obs\u0142udze scentralizowana biblioteka cyfrowa, zapewnia pracownikom, klientom, kontrahentom i innym kluczowym stronom, kontrol\u0119 dost\u0119pu do cyfrowych zasob\u00f3w, w tym do obraz\u00f3w, zdj\u0119\u0107, wideo, plik\u00f3w [&hellip;]<\/p>\n","protected":false},"author":1,"featured_media":1054,"parent":0,"menu_order":0,"comment_status":"closed","ping_status":"closed","template":"","meta":{"_acf_changed":false,"footnotes":""},"class_list":["post-3517","page","type-page","status-publish","has-post-thumbnail","hentry"],"acf":[],"yoast_head":"<!-- This site is optimized with the Yoast SEO plugin v23.5 - https:\/\/yoast.com\/wordpress\/plugins\/seo\/ -->\n<title>DIGITAL ASSET MANAGEMENT - AMBsoftware<\/title>\n<meta name=\"robots\" content=\"noindex, follow, max-snippet:-1, max-image-preview:large, max-video-preview:-1\" \/>\n<meta property=\"og:locale\" content=\"pl_PL\" \/>\n<meta property=\"og:type\" content=\"article\" \/>\n<meta property=\"og:title\" content=\"DIGITAL ASSET MANAGEMENT - AMBsoftware\" \/>\n<meta property=\"og:description\" content=\"DIGITAL ASSET MANAGEMENT Zarz\u0105dzanie danymi (Digital Asset Management &#8211; DAM) przez firm\u0119 amb to skuteczne rozwi\u0105zanie, umo\u017cliwiaj\u0105ce firmom przechowywanie, organizowanie, znajdywanie, pobieranie i udost\u0119pnianie plik\u00f3w cyfrowych. Szybkie wdro\u017cenie i \u0142atwa w obs\u0142udze scentralizowana biblioteka cyfrowa, zapewnia pracownikom, klientom, kontrahentom i innym kluczowym stronom, kontrol\u0119 dost\u0119pu do cyfrowych zasob\u00f3w, w tym do obraz\u00f3w, zdj\u0119\u0107, wideo, plik\u00f3w [&hellip;]\" \/>\n<meta property=\"og:url\" content=\"https:\/\/ambsoftware-com.gryf.ambsoft.pl\/pl\/digital-asset-management\/\" \/>\n<meta property=\"og:site_name\" content=\"AMBsoftware\" \/>\n<meta property=\"article:modified_time\" content=\"2023-11-09T06:35:49+00:00\" \/>\n<meta property=\"og:image\" content=\"https:\/\/ambsoftware-com.gryf.ambsoft.pl\/wp-content\/uploads\/2023\/09\/AdobeStock_114823177.jpg\" \/>\n\t<meta property=\"og:image:width\" content=\"2024\" \/>\n\t<meta property=\"og:image:height\" content=\"1351\" \/>\n\t<meta property=\"og:image:type\" content=\"image\/jpeg\" \/>\n<meta name=\"twitter:card\" content=\"summary_large_image\" \/>\n<meta name=\"twitter:label1\" content=\"Est. reading time\" \/>\n\t<meta name=\"twitter:data1\" content=\"1 minute\" \/>\n<script type=\"application\/ld+json\" class=\"yoast-schema-graph\">{\"@context\":\"https:\/\/schema.org\",\"@graph\":[{\"@type\":\"WebPage\",\"@id\":\"https:\/\/ambsoftware-com.gryf.ambsoft.pl\/pl\/digital-asset-management\/\",\"url\":\"https:\/\/ambsoftware-com.gryf.ambsoft.pl\/pl\/digital-asset-management\/\",\"name\":\"DIGITAL ASSET MANAGEMENT - AMBsoftware\",\"isPartOf\":{\"@id\":\"https:\/\/ambsoftware-com.gryf.ambsoft.pl\/pl\/#website\"},\"primaryImageOfPage\":{\"@id\":\"https:\/\/ambsoftware-com.gryf.ambsoft.pl\/pl\/digital-asset-management\/#primaryimage\"},\"image\":{\"@id\":\"https:\/\/ambsoftware-com.gryf.ambsoft.pl\/pl\/digital-asset-management\/#primaryimage\"},\"thumbnailUrl\":\"https:\/\/ambsoftware-com.gryf.ambsoft.pl\/wp-content\/uploads\/2023\/09\/AdobeStock_114823177.jpg\",\"datePublished\":\"2023-09-19T14:04:03+00:00\",\"dateModified\":\"2023-11-09T06:35:49+00:00\",\"breadcrumb\":{\"@id\":\"https:\/\/ambsoftware-com.gryf.ambsoft.pl\/pl\/digital-asset-management\/#breadcrumb\"},\"inLanguage\":\"pl-PL\",\"potentialAction\":[{\"@type\":\"ReadAction\",\"target\":[\"https:\/\/ambsoftware-com.gryf.ambsoft.pl\/pl\/digital-asset-management\/\"]}]},{\"@type\":\"ImageObject\",\"inLanguage\":\"pl-PL\",\"@id\":\"https:\/\/ambsoftware-com.gryf.ambsoft.pl\/pl\/digital-asset-management\/#primaryimage\",\"url\":\"https:\/\/ambsoftware-com.gryf.ambsoft.pl\/wp-content\/uploads\/2023\/09\/AdobeStock_114823177.jpg\",\"contentUrl\":\"https:\/\/ambsoftware-com.gryf.ambsoft.pl\/wp-content\/uploads\/2023\/09\/AdobeStock_114823177.jpg\",\"width\":2024,\"height\":1351},{\"@type\":\"BreadcrumbList\",\"@id\":\"https:\/\/ambsoftware-com.gryf.ambsoft.pl\/pl\/digital-asset-management\/#breadcrumb\",\"itemListElement\":[{\"@type\":\"ListItem\",\"position\":1,\"name\":\"Home\",\"item\":\"https:\/\/ambsoftware-com.gryf.ambsoft.pl\/pl\/\"},{\"@type\":\"ListItem\",\"position\":2,\"name\":\"DIGITAL ASSET MANAGEMENT\"}]},{\"@type\":\"WebSite\",\"@id\":\"https:\/\/ambsoftware-com.gryf.ambsoft.pl\/pl\/#website\",\"url\":\"https:\/\/ambsoftware-com.gryf.ambsoft.pl\/pl\/\",\"name\":\"AMBsoftware\",\"description\":\"\",\"publisher\":{\"@id\":\"https:\/\/ambsoftware-com.gryf.ambsoft.pl\/pl\/#organization\"},\"potentialAction\":[{\"@type\":\"SearchAction\",\"target\":{\"@type\":\"EntryPoint\",\"urlTemplate\":\"https:\/\/ambsoftware-com.gryf.ambsoft.pl\/pl\/?s={search_term_string}\"},\"query-input\":{\"@type\":\"PropertyValueSpecification\",\"valueRequired\":true,\"valueName\":\"search_term_string\"}}],\"inLanguage\":\"pl-PL\"},{\"@type\":\"Organization\",\"@id\":\"https:\/\/ambsoftware-com.gryf.ambsoft.pl\/pl\/#organization\",\"name\":\"AMBsoftware\",\"url\":\"https:\/\/ambsoftware-com.gryf.ambsoft.pl\/pl\/\",\"logo\":{\"@type\":\"ImageObject\",\"inLanguage\":\"pl-PL\",\"@id\":\"https:\/\/ambsoftware-com.gryf.ambsoft.pl\/pl\/#\/schema\/logo\/image\/\",\"url\":\"https:\/\/ambsoftware-com.gryf.ambsoft.pl\/wp-content\/uploads\/2023\/09\/logo.svg\",\"contentUrl\":\"https:\/\/ambsoftware-com.gryf.ambsoft.pl\/wp-content\/uploads\/2023\/09\/logo.svg\",\"width\":54,\"height\":54,\"caption\":\"AMBsoftware\"},\"image\":{\"@id\":\"https:\/\/ambsoftware-com.gryf.ambsoft.pl\/pl\/#\/schema\/logo\/image\/\"}}]}<\/script>\n<!-- \/ Yoast SEO plugin. -->","yoast_head_json":{"title":"DIGITAL ASSET MANAGEMENT - AMBsoftware","robots":{"index":"noindex","follow":"follow","max-snippet":"max-snippet:-1","max-image-preview":"max-image-preview:large","max-video-preview":"max-video-preview:-1"},"og_locale":"pl_PL","og_type":"article","og_title":"DIGITAL ASSET MANAGEMENT - AMBsoftware","og_description":"DIGITAL ASSET MANAGEMENT Zarz\u0105dzanie danymi (Digital Asset Management &#8211; DAM) przez firm\u0119 amb to skuteczne rozwi\u0105zanie, umo\u017cliwiaj\u0105ce firmom przechowywanie, organizowanie, znajdywanie, pobieranie i udost\u0119pnianie plik\u00f3w cyfrowych. Szybkie wdro\u017cenie i \u0142atwa w obs\u0142udze scentralizowana biblioteka cyfrowa, zapewnia pracownikom, klientom, kontrahentom i innym kluczowym stronom, kontrol\u0119 dost\u0119pu do cyfrowych zasob\u00f3w, w tym do obraz\u00f3w, zdj\u0119\u0107, wideo, plik\u00f3w [&hellip;]","og_url":"https:\/\/ambsoftware-com.gryf.ambsoft.pl\/pl\/digital-asset-management\/","og_site_name":"AMBsoftware","article_modified_time":"2023-11-09T06:35:49+00:00","og_image":[{"width":2024,"height":1351,"url":"https:\/\/ambsoftware-com.gryf.ambsoft.pl\/wp-content\/uploads\/2023\/09\/AdobeStock_114823177.jpg","type":"image\/jpeg"}],"twitter_card":"summary_large_image","twitter_misc":{"Est. reading time":"1 minute"},"schema":{"@context":"https:\/\/schema.org","@graph":[{"@type":"WebPage","@id":"https:\/\/ambsoftware-com.gryf.ambsoft.pl\/pl\/digital-asset-management\/","url":"https:\/\/ambsoftware-com.gryf.ambsoft.pl\/pl\/digital-asset-management\/","name":"DIGITAL ASSET MANAGEMENT - AMBsoftware","isPartOf":{"@id":"https:\/\/ambsoftware-com.gryf.ambsoft.pl\/pl\/#website"},"primaryImageOfPage":{"@id":"https:\/\/ambsoftware-com.gryf.ambsoft.pl\/pl\/digital-asset-management\/#primaryimage"},"image":{"@id":"https:\/\/ambsoftware-com.gryf.ambsoft.pl\/pl\/digital-asset-management\/#primaryimage"},"thumbnailUrl":"https:\/\/ambsoftware-com.gryf.ambsoft.pl\/wp-content\/uploads\/2023\/09\/AdobeStock_114823177.jpg","datePublished":"2023-09-19T14:04:03+00:00","dateModified":"2023-11-09T06:35:49+00:00","breadcrumb":{"@id":"https:\/\/ambsoftware-com.gryf.ambsoft.pl\/pl\/digital-asset-management\/#breadcrumb"},"inLanguage":"pl-PL","potentialAction":[{"@type":"ReadAction","target":["https:\/\/ambsoftware-com.gryf.ambsoft.pl\/pl\/digital-asset-management\/"]}]},{"@type":"ImageObject","inLanguage":"pl-PL","@id":"https:\/\/ambsoftware-com.gryf.ambsoft.pl\/pl\/digital-asset-management\/#primaryimage","url":"https:\/\/ambsoftware-com.gryf.ambsoft.pl\/wp-content\/uploads\/2023\/09\/AdobeStock_114823177.jpg","contentUrl":"https:\/\/ambsoftware-com.gryf.ambsoft.pl\/wp-content\/uploads\/2023\/09\/AdobeStock_114823177.jpg","width":2024,"height":1351},{"@type":"BreadcrumbList","@id":"https:\/\/ambsoftware-com.gryf.ambsoft.pl\/pl\/digital-asset-management\/#breadcrumb","itemListElement":[{"@type":"ListItem","position":1,"name":"Home","item":"https:\/\/ambsoftware-com.gryf.ambsoft.pl\/pl\/"},{"@type":"ListItem","position":2,"name":"DIGITAL ASSET MANAGEMENT"}]},{"@type":"WebSite","@id":"https:\/\/ambsoftware-com.gryf.ambsoft.pl\/pl\/#website","url":"https:\/\/ambsoftware-com.gryf.ambsoft.pl\/pl\/","name":"AMBsoftware","description":"","publisher":{"@id":"https:\/\/ambsoftware-com.gryf.ambsoft.pl\/pl\/#organization"},"potentialAction":[{"@type":"SearchAction","target":{"@type":"EntryPoint","urlTemplate":"https:\/\/ambsoftware-com.gryf.ambsoft.pl\/pl\/?s={search_term_string}"},"query-input":{"@type":"PropertyValueSpecification","valueRequired":true,"valueName":"search_term_string"}}],"inLanguage":"pl-PL"},{"@type":"Organization","@id":"https:\/\/ambsoftware-com.gryf.ambsoft.pl\/pl\/#organization","name":"AMBsoftware","url":"https:\/\/ambsoftware-com.gryf.ambsoft.pl\/pl\/","logo":{"@type":"ImageObject","inLanguage":"pl-PL","@id":"https:\/\/ambsoftware-com.gryf.ambsoft.pl\/pl\/#\/schema\/logo\/image\/","url":"https:\/\/ambsoftware-com.gryf.ambsoft.pl\/wp-content\/uploads\/2023\/09\/logo.svg","contentUrl":"https:\/\/ambsoftware-com.gryf.ambsoft.pl\/wp-content\/uploads\/2023\/09\/logo.svg","width":54,"height":54,"caption":"AMBsoftware"},"image":{"@id":"https:\/\/ambsoftware-com.gryf.ambsoft.pl\/pl\/#\/schema\/logo\/image\/"}}]}},"_links":{"self":[{"href":"https:\/\/ambsoftware-com.gryf.ambsoft.pl\/pl\/wp-json\/wp\/v2\/pages\/3517","targetHints":{"allow":["GET"]}}],"collection":[{"href":"https:\/\/ambsoftware-com.gryf.ambsoft.pl\/pl\/wp-json\/wp\/v2\/pages"}],"about":[{"href":"https:\/\/ambsoftware-com.gryf.ambsoft.pl\/pl\/wp-json\/wp\/v2\/types\/page"}],"author":[{"embeddable":true,"href":"https:\/\/ambsoftware-com.gryf.ambsoft.pl\/pl\/wp-json\/wp\/v2\/users\/1"}],"replies":[{"embeddable":true,"href":"https:\/\/ambsoftware-com.gryf.ambsoft.pl\/pl\/wp-json\/wp\/v2\/comments?post=3517"}],"version-history":[{"count":1,"href":"https:\/\/ambsoftware-com.gryf.ambsoft.pl\/pl\/wp-json\/wp\/v2\/pages\/3517\/revisions"}],"predecessor-version":[{"id":3518,"href":"https:\/\/ambsoftware-com.gryf.ambsoft.pl\/pl\/wp-json\/wp\/v2\/pages\/3517\/revisions\/3518"}],"wp:featuredmedia":[{"embeddable":true,"href":"https:\/\/ambsoftware-com.gryf.ambsoft.pl\/pl\/wp-json\/wp\/v2\/media\/1054"}],"wp:attachment":[{"href":"https:\/\/ambsoftware-com.gryf.ambsoft.pl\/pl\/wp-json\/wp\/v2\/media?parent=3517"}],"curies":[{"name":"wp","href":"https:\/\/api.w.org\/{rel}","templated":true}]}}