{"id":3360,"date":"2023-09-19T14:03:05","date_gmt":"2023-09-19T14:03:05","guid":{"rendered":"https:\/\/ambsoftware-com.gryf.ambsoft.pl\/it-outsourcing-nearshoring\/"},"modified":"2023-11-14T11:46:30","modified_gmt":"2023-11-14T11:46:30","slug":"it-outsourcing-nearshoring","status":"publish","type":"page","link":"https:\/\/ambsoftware-com.gryf.ambsoft.pl\/de\/it-outsourcing-nearshoring\/","title":{"rendered":"IT Outsourcing \/ Nearshoring"},"content":{"rendered":"\t\t<div data-elementor-type=\"wp-page\" data-elementor-id=\"3360\" class=\"elementor elementor-3360 elementor-454\" data-elementor-post-type=\"page\">\n\t\t\t\t<div class=\"elementor-element elementor-element-54aa187 e-flex e-con-boxed e-con e-parent\" data-id=\"54aa187\" data-element_type=\"container\">\n\t\t\t\t\t<div class=\"e-con-inner\">\n\t\t\t\t<div class=\"elementor-element elementor-element-01ecc0d elementor-widget elementor-widget-heading\" data-id=\"01ecc0d\" data-element_type=\"widget\" data-widget_type=\"heading.default\">\n\t\t\t\t<div class=\"elementor-widget-container\">\n\t\t\t<h2 class=\"elementor-heading-title elementor-size-default\">IT OUTSOURCING \/ NEARSHORING<\/h2>\t\t<\/div>\n\t\t\t\t<\/div>\n\t\t\t\t<div class=\"elementor-element elementor-element-6cd3aaa elementor-widget__width-initial elementor-widget-tablet__width-inherit elementor-widget elementor-widget-text-editor\" data-id=\"6cd3aaa\" data-element_type=\"widget\" data-widget_type=\"text-editor.default\">\n\t\t\t\t<div class=\"elementor-widget-container\">\n\t\t\t\t\t\t\t<p>Mit unserem IT Outsourcing und Nearshoring bieten wir unseren Partnern seit 17\u00a0Jahren eine schnelle und qualitativ hochwertige L\u00f6sung an, Projekte kosteneffizient zu realisieren. Wir begleiten unsere Partner bei dem internen und externen Outsourcingprozess und stellen hochqualifizierte Scrum Teams zur Verf\u00fcgung. Unwahr ist die Aussage, dass die Realisierung von IT-Projekten nur durch on-site T\u00e4tigkeit richtig funktionieren kann. Wir haben das Gegenteil bewiesen, was unsere Referenzen renommierter Partner beweisen.<\/p>\n<p>AMB hilft Ihnen sich auf Ihr Business zu konzentrieren, den IT-Teil \u00fcbernehmen wir. Ihnen entf\u00e4llt der m\u00fchsame Aufwand f\u00fcr Recruiting, Einarbeiten und Einspielen von Mitarbeitern und sichern sich damit ein schnellen Time-To-Market. F\u00fcr eine solche T\u00e4tigkeit fehlt Ihnen zudem im digitalen Zeitalter die Zeit.<\/p>\n<p>AMB Software bietet unseren Partner dezidierte und eingespielte Scrum Teams, welche entweder mit Ihren Teams zusammenarbeiten und diese dadurch Erg\u00e4nzen oder wir \u00fcbernehmen Ihre Entwicklungst\u00e4tigkeit g\u00e4nzlich, wodurch wir Ihren Fokus auf Ihr Business lenken.<\/p>\n<p>Durch unsere agile Herangehensweise machen wir den Entwicklungsprozess transparent und kosteneffizient. Nach jeden Sprint sehen haben Sie einen ausf\u00fchrlichen Einblick in den Erfolg unserer T\u00e4tigkeiten und k\u00f6nnen Ihr Produkt bzw. Projekt flexibel steuern.<\/p>\n\t\t\t\t\t\t<\/div>\n\t\t\t\t<\/div>\n\t\t\t\t\t<\/div>\n\t\t\t\t<\/div>\n\t\t<div class=\"elementor-element elementor-element-f6c3140 servicesmore e-flex e-con-boxed e-con e-parent\" data-id=\"f6c3140\" data-element_type=\"container\">\n\t\t\t\t\t<div class=\"e-con-inner\">\n\t\t<div class=\"elementor-element elementor-element-6716ca0 e-con-full e-flex e-con e-child\" data-id=\"6716ca0\" data-element_type=\"container\">\n\t\t\t\t<div class=\"elementor-element elementor-element-77960b0 elementor-align-center elementor-widget elementor-widget-button\" data-id=\"77960b0\" data-element_type=\"widget\" data-widget_type=\"button.default\">\n\t\t\t\t<div class=\"elementor-widget-container\">\n\t\t\t\t\t<div class=\"elementor-button-wrapper\">\n\t\t\t<a class=\"elementor-button elementor-button-link elementor-size-sm\" href=\"https:\/\/ambsoftware-com.gryf.ambsoft.pl\/de\/service\/nearshoring\/\">\n\t\t\t\t\t\t<span class=\"elementor-button-content-wrapper\">\n\t\t\t\t\t\t\t\t\t<span class=\"elementor-button-text\">NEARSHORING<\/span>\n\t\t\t\t\t<\/span>\n\t\t\t\t\t<\/a>\n\t\t<\/div>\n\t\t\t\t<\/div>\n\t\t\t\t<\/div>\n\t\t\t\t<\/div>\n\t\t<div class=\"elementor-element elementor-element-15f6570 e-con-full e-flex e-con e-child\" data-id=\"15f6570\" data-element_type=\"container\">\n\t\t\t\t<div class=\"elementor-element elementor-element-b16bedf elementor-align-center elementor-widget elementor-widget-button\" data-id=\"b16bedf\" data-element_type=\"widget\" data-widget_type=\"button.default\">\n\t\t\t\t<div class=\"elementor-widget-container\">\n\t\t\t\t\t<div class=\"elementor-button-wrapper\">\n\t\t\t<a class=\"elementor-button elementor-button-link elementor-size-sm\" href=\"https:\/\/ambsoftware-com.gryf.ambsoft.pl\/de\/service\/pricing-models\/\">\n\t\t\t\t\t\t<span class=\"elementor-button-content-wrapper\">\n\t\t\t\t\t\t\t\t\t<span class=\"elementor-button-text\">PRICING MODELS<\/span>\n\t\t\t\t\t<\/span>\n\t\t\t\t\t<\/a>\n\t\t<\/div>\n\t\t\t\t<\/div>\n\t\t\t\t<\/div>\n\t\t\t\t<\/div>\n\t\t<div class=\"elementor-element elementor-element-8a80955 e-con-full e-flex e-con e-child\" data-id=\"8a80955\" data-element_type=\"container\">\n\t\t\t\t<div class=\"elementor-element elementor-element-2f44364 elementor-align-center elementor-widget elementor-widget-button\" data-id=\"2f44364\" data-element_type=\"widget\" data-widget_type=\"button.default\">\n\t\t\t\t<div class=\"elementor-widget-container\">\n\t\t\t\t\t<div class=\"elementor-button-wrapper\">\n\t\t\t<a class=\"elementor-button elementor-button-link elementor-size-sm\" href=\"https:\/\/ambsoftware-com.gryf.ambsoft.pl\/de\/service\/outsourcing\/\">\n\t\t\t\t\t\t<span class=\"elementor-button-content-wrapper\">\n\t\t\t\t\t\t\t\t\t<span class=\"elementor-button-text\">OUTSOURCING<\/span>\n\t\t\t\t\t<\/span>\n\t\t\t\t\t<\/a>\n\t\t<\/div>\n\t\t\t\t<\/div>\n\t\t\t\t<\/div>\n\t\t\t\t<\/div>\n\t\t<div class=\"elementor-element elementor-element-ad2bd5c e-con-full e-flex e-con e-child\" data-id=\"ad2bd5c\" data-element_type=\"container\">\n\t\t\t\t<div class=\"elementor-element elementor-element-d031c39 elementor-align-center elementor-widget elementor-widget-button\" data-id=\"d031c39\" data-element_type=\"widget\" data-widget_type=\"button.default\">\n\t\t\t\t<div class=\"elementor-widget-container\">\n\t\t\t\t\t<div class=\"elementor-button-wrapper\">\n\t\t\t<a class=\"elementor-button elementor-button-link elementor-size-sm\" href=\"https:\/\/ambsoftware-com.gryf.ambsoft.pl\/de\/service\/continuous-delivery-qa-automation\/\">\n\t\t\t\t\t\t<span class=\"elementor-button-content-wrapper\">\n\t\t\t\t\t\t\t\t\t<span class=\"elementor-button-text\">CONTINUOUS DELIVERY, QA & AUTOMATION<\/span>\n\t\t\t\t\t<\/span>\n\t\t\t\t\t<\/a>\n\t\t<\/div>\n\t\t\t\t<\/div>\n\t\t\t\t<\/div>\n\t\t\t\t<\/div>\n\t\t<div class=\"elementor-element elementor-element-e11af34 e-con-full e-flex e-con e-child\" data-id=\"e11af34\" data-element_type=\"container\">\n\t\t\t\t<div class=\"elementor-element elementor-element-18a1674 elementor-align-center elementor-widget elementor-widget-button\" data-id=\"18a1674\" data-element_type=\"widget\" data-widget_type=\"button.default\">\n\t\t\t\t<div class=\"elementor-widget-container\">\n\t\t\t\t\t<div class=\"elementor-button-wrapper\">\n\t\t\t<a class=\"elementor-button elementor-button-link elementor-size-sm\" href=\"https:\/\/ambsoftware-com.gryf.ambsoft.pl\/de\/service\/nearshore-development-center\/\">\n\t\t\t\t\t\t<span class=\"elementor-button-content-wrapper\">\n\t\t\t\t\t\t\t\t\t<span class=\"elementor-button-text\">NEARSHORE DEVELOPMENT CENTER<\/span>\n\t\t\t\t\t<\/span>\n\t\t\t\t\t<\/a>\n\t\t<\/div>\n\t\t\t\t<\/div>\n\t\t\t\t<\/div>\n\t\t\t\t<\/div>\n\t\t\t\t\t<\/div>\n\t\t\t\t<\/div>\n\t\t\t\t<\/div>\n\t\t","protected":false},"excerpt":{"rendered":"<p>IT OUTSOURCING \/ NEARSHORING Mit unserem IT Outsourcing und Nearshoring bieten wir unseren Partnern seit 17\u00a0Jahren eine schnelle und qualitativ hochwertige L\u00f6sung an, Projekte kosteneffizient zu realisieren. Wir begleiten unsere Partner bei dem internen und externen Outsourcingprozess und stellen hochqualifizierte Scrum Teams zur Verf\u00fcgung. Unwahr ist die Aussage, dass die Realisierung von IT-Projekten nur durch [&hellip;]<\/p>\n","protected":false},"author":1,"featured_media":1053,"parent":0,"menu_order":0,"comment_status":"closed","ping_status":"closed","template":"","meta":{"_acf_changed":false,"footnotes":""},"class_list":["post-3360","page","type-page","status-publish","has-post-thumbnail","hentry"],"acf":[],"yoast_head":"<!-- This site is optimized with the Yoast SEO plugin v23.5 - https:\/\/yoast.com\/wordpress\/plugins\/seo\/ -->\n<title>IT Outsourcing \/ Nearshoring - AMBsoftware<\/title>\n<meta name=\"robots\" content=\"noindex, follow, max-snippet:-1, max-image-preview:large, max-video-preview:-1\" \/>\n<meta property=\"og:locale\" content=\"de_DE\" \/>\n<meta property=\"og:type\" content=\"article\" \/>\n<meta property=\"og:title\" content=\"IT Outsourcing \/ Nearshoring - AMBsoftware\" \/>\n<meta property=\"og:description\" content=\"IT OUTSOURCING \/ NEARSHORING Mit unserem IT Outsourcing und Nearshoring bieten wir unseren Partnern seit 17\u00a0Jahren eine schnelle und qualitativ hochwertige L\u00f6sung an, Projekte kosteneffizient zu realisieren. Wir begleiten unsere Partner bei dem internen und externen Outsourcingprozess und stellen hochqualifizierte Scrum Teams zur Verf\u00fcgung. Unwahr ist die Aussage, dass die Realisierung von IT-Projekten nur durch [&hellip;]\" \/>\n<meta property=\"og:url\" content=\"https:\/\/ambsoftware-com.gryf.ambsoft.pl\/de\/it-outsourcing-nearshoring\/\" \/>\n<meta property=\"og:site_name\" content=\"AMBsoftware\" \/>\n<meta property=\"article:modified_time\" content=\"2023-11-14T11:46:30+00:00\" \/>\n<meta property=\"og:image\" content=\"https:\/\/ambsoftware-com.gryf.ambsoft.pl\/wp-content\/uploads\/2023\/09\/AdobeStock_114823177.jpg\" \/>\n\t<meta property=\"og:image:width\" content=\"2024\" \/>\n\t<meta property=\"og:image:height\" content=\"1351\" \/>\n\t<meta property=\"og:image:type\" content=\"image\/jpeg\" \/>\n<meta name=\"twitter:card\" content=\"summary_large_image\" \/>\n<meta name=\"twitter:label1\" content=\"Est. reading time\" \/>\n\t<meta name=\"twitter:data1\" content=\"1 minute\" \/>\n<script type=\"application\/ld+json\" class=\"yoast-schema-graph\">{\"@context\":\"https:\/\/schema.org\",\"@graph\":[{\"@type\":\"WebPage\",\"@id\":\"https:\/\/ambsoftware-com.gryf.ambsoft.pl\/de\/it-outsourcing-nearshoring\/\",\"url\":\"https:\/\/ambsoftware-com.gryf.ambsoft.pl\/de\/it-outsourcing-nearshoring\/\",\"name\":\"IT Outsourcing \/ Nearshoring - AMBsoftware\",\"isPartOf\":{\"@id\":\"https:\/\/ambsoftware-com.gryf.ambsoft.pl\/de\/#website\"},\"primaryImageOfPage\":{\"@id\":\"https:\/\/ambsoftware-com.gryf.ambsoft.pl\/de\/it-outsourcing-nearshoring\/#primaryimage\"},\"image\":{\"@id\":\"https:\/\/ambsoftware-com.gryf.ambsoft.pl\/de\/it-outsourcing-nearshoring\/#primaryimage\"},\"thumbnailUrl\":\"https:\/\/ambsoftware-com.gryf.ambsoft.pl\/wp-content\/uploads\/2023\/09\/AdobeStock_114823177.jpg\",\"datePublished\":\"2023-09-19T14:03:05+00:00\",\"dateModified\":\"2023-11-14T11:46:30+00:00\",\"breadcrumb\":{\"@id\":\"https:\/\/ambsoftware-com.gryf.ambsoft.pl\/de\/it-outsourcing-nearshoring\/#breadcrumb\"},\"inLanguage\":\"de-DE\",\"potentialAction\":[{\"@type\":\"ReadAction\",\"target\":[\"https:\/\/ambsoftware-com.gryf.ambsoft.pl\/de\/it-outsourcing-nearshoring\/\"]}]},{\"@type\":\"ImageObject\",\"inLanguage\":\"de-DE\",\"@id\":\"https:\/\/ambsoftware-com.gryf.ambsoft.pl\/de\/it-outsourcing-nearshoring\/#primaryimage\",\"url\":\"https:\/\/ambsoftware-com.gryf.ambsoft.pl\/wp-content\/uploads\/2023\/09\/AdobeStock_114823177.jpg\",\"contentUrl\":\"https:\/\/ambsoftware-com.gryf.ambsoft.pl\/wp-content\/uploads\/2023\/09\/AdobeStock_114823177.jpg\",\"width\":2024,\"height\":1351},{\"@type\":\"BreadcrumbList\",\"@id\":\"https:\/\/ambsoftware-com.gryf.ambsoft.pl\/de\/it-outsourcing-nearshoring\/#breadcrumb\",\"itemListElement\":[{\"@type\":\"ListItem\",\"position\":1,\"name\":\"Home\",\"item\":\"https:\/\/ambsoftware-com.gryf.ambsoft.pl\/de\/\"},{\"@type\":\"ListItem\",\"position\":2,\"name\":\"IT Outsourcing \/ Nearshoring\"}]},{\"@type\":\"WebSite\",\"@id\":\"https:\/\/ambsoftware-com.gryf.ambsoft.pl\/de\/#website\",\"url\":\"https:\/\/ambsoftware-com.gryf.ambsoft.pl\/de\/\",\"name\":\"AMBsoftware\",\"description\":\"\",\"publisher\":{\"@id\":\"https:\/\/ambsoftware-com.gryf.ambsoft.pl\/de\/#organization\"},\"potentialAction\":[{\"@type\":\"SearchAction\",\"target\":{\"@type\":\"EntryPoint\",\"urlTemplate\":\"https:\/\/ambsoftware-com.gryf.ambsoft.pl\/de\/?s={search_term_string}\"},\"query-input\":{\"@type\":\"PropertyValueSpecification\",\"valueRequired\":true,\"valueName\":\"search_term_string\"}}],\"inLanguage\":\"de-DE\"},{\"@type\":\"Organization\",\"@id\":\"https:\/\/ambsoftware-com.gryf.ambsoft.pl\/de\/#organization\",\"name\":\"AMBsoftware\",\"url\":\"https:\/\/ambsoftware-com.gryf.ambsoft.pl\/de\/\",\"logo\":{\"@type\":\"ImageObject\",\"inLanguage\":\"de-DE\",\"@id\":\"https:\/\/ambsoftware-com.gryf.ambsoft.pl\/de\/#\/schema\/logo\/image\/\",\"url\":\"https:\/\/ambsoftware-com.gryf.ambsoft.pl\/wp-content\/uploads\/2023\/09\/logo.svg\",\"contentUrl\":\"https:\/\/ambsoftware-com.gryf.ambsoft.pl\/wp-content\/uploads\/2023\/09\/logo.svg\",\"width\":54,\"height\":54,\"caption\":\"AMBsoftware\"},\"image\":{\"@id\":\"https:\/\/ambsoftware-com.gryf.ambsoft.pl\/de\/#\/schema\/logo\/image\/\"}}]}<\/script>\n<!-- \/ Yoast SEO plugin. -->","yoast_head_json":{"title":"IT Outsourcing \/ Nearshoring - AMBsoftware","robots":{"index":"noindex","follow":"follow","max-snippet":"max-snippet:-1","max-image-preview":"max-image-preview:large","max-video-preview":"max-video-preview:-1"},"og_locale":"de_DE","og_type":"article","og_title":"IT Outsourcing \/ Nearshoring - AMBsoftware","og_description":"IT OUTSOURCING \/ NEARSHORING Mit unserem IT Outsourcing und Nearshoring bieten wir unseren Partnern seit 17\u00a0Jahren eine schnelle und qualitativ hochwertige L\u00f6sung an, Projekte kosteneffizient zu realisieren. Wir begleiten unsere Partner bei dem internen und externen Outsourcingprozess und stellen hochqualifizierte Scrum Teams zur Verf\u00fcgung. Unwahr ist die Aussage, dass die Realisierung von IT-Projekten nur durch [&hellip;]","og_url":"https:\/\/ambsoftware-com.gryf.ambsoft.pl\/de\/it-outsourcing-nearshoring\/","og_site_name":"AMBsoftware","article_modified_time":"2023-11-14T11:46:30+00:00","og_image":[{"width":2024,"height":1351,"url":"https:\/\/ambsoftware-com.gryf.ambsoft.pl\/wp-content\/uploads\/2023\/09\/AdobeStock_114823177.jpg","type":"image\/jpeg"}],"twitter_card":"summary_large_image","twitter_misc":{"Est. reading time":"1 minute"},"schema":{"@context":"https:\/\/schema.org","@graph":[{"@type":"WebPage","@id":"https:\/\/ambsoftware-com.gryf.ambsoft.pl\/de\/it-outsourcing-nearshoring\/","url":"https:\/\/ambsoftware-com.gryf.ambsoft.pl\/de\/it-outsourcing-nearshoring\/","name":"IT Outsourcing \/ Nearshoring - AMBsoftware","isPartOf":{"@id":"https:\/\/ambsoftware-com.gryf.ambsoft.pl\/de\/#website"},"primaryImageOfPage":{"@id":"https:\/\/ambsoftware-com.gryf.ambsoft.pl\/de\/it-outsourcing-nearshoring\/#primaryimage"},"image":{"@id":"https:\/\/ambsoftware-com.gryf.ambsoft.pl\/de\/it-outsourcing-nearshoring\/#primaryimage"},"thumbnailUrl":"https:\/\/ambsoftware-com.gryf.ambsoft.pl\/wp-content\/uploads\/2023\/09\/AdobeStock_114823177.jpg","datePublished":"2023-09-19T14:03:05+00:00","dateModified":"2023-11-14T11:46:30+00:00","breadcrumb":{"@id":"https:\/\/ambsoftware-com.gryf.ambsoft.pl\/de\/it-outsourcing-nearshoring\/#breadcrumb"},"inLanguage":"de-DE","potentialAction":[{"@type":"ReadAction","target":["https:\/\/ambsoftware-com.gryf.ambsoft.pl\/de\/it-outsourcing-nearshoring\/"]}]},{"@type":"ImageObject","inLanguage":"de-DE","@id":"https:\/\/ambsoftware-com.gryf.ambsoft.pl\/de\/it-outsourcing-nearshoring\/#primaryimage","url":"https:\/\/ambsoftware-com.gryf.ambsoft.pl\/wp-content\/uploads\/2023\/09\/AdobeStock_114823177.jpg","contentUrl":"https:\/\/ambsoftware-com.gryf.ambsoft.pl\/wp-content\/uploads\/2023\/09\/AdobeStock_114823177.jpg","width":2024,"height":1351},{"@type":"BreadcrumbList","@id":"https:\/\/ambsoftware-com.gryf.ambsoft.pl\/de\/it-outsourcing-nearshoring\/#breadcrumb","itemListElement":[{"@type":"ListItem","position":1,"name":"Home","item":"https:\/\/ambsoftware-com.gryf.ambsoft.pl\/de\/"},{"@type":"ListItem","position":2,"name":"IT Outsourcing \/ Nearshoring"}]},{"@type":"WebSite","@id":"https:\/\/ambsoftware-com.gryf.ambsoft.pl\/de\/#website","url":"https:\/\/ambsoftware-com.gryf.ambsoft.pl\/de\/","name":"AMBsoftware","description":"","publisher":{"@id":"https:\/\/ambsoftware-com.gryf.ambsoft.pl\/de\/#organization"},"potentialAction":[{"@type":"SearchAction","target":{"@type":"EntryPoint","urlTemplate":"https:\/\/ambsoftware-com.gryf.ambsoft.pl\/de\/?s={search_term_string}"},"query-input":{"@type":"PropertyValueSpecification","valueRequired":true,"valueName":"search_term_string"}}],"inLanguage":"de-DE"},{"@type":"Organization","@id":"https:\/\/ambsoftware-com.gryf.ambsoft.pl\/de\/#organization","name":"AMBsoftware","url":"https:\/\/ambsoftware-com.gryf.ambsoft.pl\/de\/","logo":{"@type":"ImageObject","inLanguage":"de-DE","@id":"https:\/\/ambsoftware-com.gryf.ambsoft.pl\/de\/#\/schema\/logo\/image\/","url":"https:\/\/ambsoftware-com.gryf.ambsoft.pl\/wp-content\/uploads\/2023\/09\/logo.svg","contentUrl":"https:\/\/ambsoftware-com.gryf.ambsoft.pl\/wp-content\/uploads\/2023\/09\/logo.svg","width":54,"height":54,"caption":"AMBsoftware"},"image":{"@id":"https:\/\/ambsoftware-com.gryf.ambsoft.pl\/de\/#\/schema\/logo\/image\/"}}]}},"_links":{"self":[{"href":"https:\/\/ambsoftware-com.gryf.ambsoft.pl\/de\/wp-json\/wp\/v2\/pages\/3360","targetHints":{"allow":["GET"]}}],"collection":[{"href":"https:\/\/ambsoftware-com.gryf.ambsoft.pl\/de\/wp-json\/wp\/v2\/pages"}],"about":[{"href":"https:\/\/ambsoftware-com.gryf.ambsoft.pl\/de\/wp-json\/wp\/v2\/types\/page"}],"author":[{"embeddable":true,"href":"https:\/\/ambsoftware-com.gryf.ambsoft.pl\/de\/wp-json\/wp\/v2\/users\/1"}],"replies":[{"embeddable":true,"href":"https:\/\/ambsoftware-com.gryf.ambsoft.pl\/de\/wp-json\/wp\/v2\/comments?post=3360"}],"version-history":[{"count":2,"href":"https:\/\/ambsoftware-com.gryf.ambsoft.pl\/de\/wp-json\/wp\/v2\/pages\/3360\/revisions"}],"predecessor-version":[{"id":4040,"href":"https:\/\/ambsoftware-com.gryf.ambsoft.pl\/de\/wp-json\/wp\/v2\/pages\/3360\/revisions\/4040"}],"wp:featuredmedia":[{"embeddable":true,"href":"https:\/\/ambsoftware-com.gryf.ambsoft.pl\/de\/wp-json\/wp\/v2\/media\/1053"}],"wp:attachment":[{"href":"https:\/\/ambsoftware-com.gryf.ambsoft.pl\/de\/wp-json\/wp\/v2\/media?parent=3360"}],"curies":[{"name":"wp","href":"https:\/\/api.w.org\/{rel}","templated":true}]}}