{"id":3350,"date":"2023-09-19T14:04:03","date_gmt":"2023-09-19T14:04:03","guid":{"rendered":"https:\/\/ambsoftware-com.gryf.ambsoft.pl\/verwaltung-digitaler-bestaende\/"},"modified":"2023-11-30T11:12:02","modified_gmt":"2023-11-30T11:12:02","slug":"digital-asset-management","status":"publish","type":"page","link":"https:\/\/ambsoftware-com.gryf.ambsoft.pl\/de\/digital-asset-management\/","title":{"rendered":"Digital Asset Management"},"content":{"rendered":"\t\t<div data-elementor-type=\"wp-page\" data-elementor-id=\"3350\" class=\"elementor elementor-3350 elementor-462\" data-elementor-post-type=\"page\">\n\t\t\t\t<div class=\"elementor-element elementor-element-f50ebe3 e-flex e-con-boxed e-con e-parent\" data-id=\"f50ebe3\" data-element_type=\"container\">\n\t\t\t\t\t<div class=\"e-con-inner\">\n\t\t\t\t<div class=\"elementor-element elementor-element-2746236 elementor-widget elementor-widget-heading\" data-id=\"2746236\" data-element_type=\"widget\" data-widget_type=\"heading.default\">\n\t\t\t\t<div class=\"elementor-widget-container\">\n\t\t\t<h2 class=\"elementor-heading-title elementor-size-default\">DIGITAL ASSET MANAGEMENT<\/h2>\t\t<\/div>\n\t\t\t\t<\/div>\n\t\t\t\t<div class=\"elementor-element elementor-element-558fb96 elementor-widget__width-initial elementor-widget-tablet__width-inherit elementor-widget elementor-widget-text-editor\" data-id=\"558fb96\" data-element_type=\"widget\" data-widget_type=\"text-editor.default\">\n\t\t\t\t<div class=\"elementor-widget-container\">\n\t\t\t\t\t\t\t<p>AMBs Digital Asset Management (DAM) bietet eine effektive L\u00f6sung f\u00fcr Unternehmen, die digitale Dateien speichern, organisieren, finden, abrufen und teilen m\u00f6chten. Schnell installiert und einfach zu bedienen, bietet eine zentrale digitale Bibliothek Mitarbeitern, Kunden, Auftragnehmern und allen anderen wichtigen Personen den Zugriff auf digitale Assets, darunter Bilder, Fotos, kreative Dateien, Videos, Audios, Pr\u00e4sentationen, Dokumente und vieles mehr .<\/p>\n<p>Der Begriff Digital Asset Management deckt eine Vielzahl von Softwarel\u00f6sungen ab, von der digitalen Aktenbibliothek oder der Fotodatenbank eines Fotografen bis hin zu L\u00f6sungen, die dem Content Management von Unternehmen \u00e4hneln. Die beste digitale Asset-Management-Software hat Kernkompetenzen rund um Cloud-Storage, wie Verm\u00f6genswerte abgerufen werden, wie Verm\u00f6genswerte geteilt werden sowie Features f\u00fcr Brand Management. DAM erm\u00f6glicht kreative Workflow-Automatisierung, Archivierung und Backups, Nutzungsverfolgung, E-Commerce und vieles mehr.<\/p>\n\t\t\t\t\t\t<\/div>\n\t\t\t\t<\/div>\n\t\t\t\t\t<\/div>\n\t\t\t\t<\/div>\n\t\t<div class=\"elementor-element elementor-element-39075e3 servicesmore e-flex e-con-boxed e-con e-parent\" data-id=\"39075e3\" data-element_type=\"container\">\n\t\t\t\t\t<div class=\"e-con-inner\">\n\t\t<div class=\"elementor-element elementor-element-ec1e0bc e-con-full e-flex e-con e-child\" data-id=\"ec1e0bc\" data-element_type=\"container\">\n\t\t\t\t<\/div>\n\t\t<div class=\"elementor-element elementor-element-2171ec2 e-con-full e-flex e-con e-child\" data-id=\"2171ec2\" data-element_type=\"container\">\n\t\t\t\t<div class=\"elementor-element elementor-element-6219950 elementor-align-center elementor-widget elementor-widget-button\" data-id=\"6219950\" data-element_type=\"widget\" data-widget_type=\"button.default\">\n\t\t\t\t<div class=\"elementor-widget-container\">\n\t\t\t\t\t<div class=\"elementor-button-wrapper\">\n\t\t\t<a class=\"elementor-button elementor-button-link elementor-size-sm\" href=\"https:\/\/ambsoftware-com.gryf.ambsoft.pl\/de\/service\/benefits-of-dam\/\">\n\t\t\t\t\t\t<span class=\"elementor-button-content-wrapper\">\n\t\t\t\t\t\t\t\t\t<span class=\"elementor-button-text\">BENEFITS OF DAM<\/span>\n\t\t\t\t\t<\/span>\n\t\t\t\t\t<\/a>\n\t\t<\/div>\n\t\t\t\t<\/div>\n\t\t\t\t<\/div>\n\t\t\t\t<\/div>\n\t\t<div class=\"elementor-element elementor-element-672f066 e-con-full e-flex e-con e-child\" data-id=\"672f066\" data-element_type=\"container\">\n\t\t\t\t<\/div>\n\t\t\t\t\t<\/div>\n\t\t\t\t<\/div>\n\t\t\t\t<\/div>\n\t\t","protected":false},"excerpt":{"rendered":"<p>DIGITAL ASSET MANAGEMENT AMBs Digital Asset Management (DAM) bietet eine effektive L\u00f6sung f\u00fcr Unternehmen, die digitale Dateien speichern, organisieren, finden, abrufen und teilen m\u00f6chten. Schnell installiert und einfach zu bedienen, bietet eine zentrale digitale Bibliothek Mitarbeitern, Kunden, Auftragnehmern und allen anderen wichtigen Personen den Zugriff auf digitale Assets, darunter Bilder, Fotos, kreative Dateien, Videos, Audios, [&hellip;]<\/p>\n","protected":false},"author":1,"featured_media":1053,"parent":0,"menu_order":0,"comment_status":"closed","ping_status":"closed","template":"","meta":{"_acf_changed":false,"footnotes":""},"class_list":["post-3350","page","type-page","status-publish","has-post-thumbnail","hentry"],"acf":[],"yoast_head":"<!-- This site is optimized with the Yoast SEO plugin v23.5 - https:\/\/yoast.com\/wordpress\/plugins\/seo\/ -->\n<title>Digital Asset Management - AMBsoftware<\/title>\n<meta name=\"robots\" content=\"noindex, follow, max-snippet:-1, max-image-preview:large, max-video-preview:-1\" \/>\n<meta property=\"og:locale\" content=\"de_DE\" \/>\n<meta property=\"og:type\" content=\"article\" \/>\n<meta property=\"og:title\" content=\"Digital Asset Management - AMBsoftware\" \/>\n<meta property=\"og:description\" content=\"DIGITAL ASSET MANAGEMENT AMBs Digital Asset Management (DAM) bietet eine effektive L\u00f6sung f\u00fcr Unternehmen, die digitale Dateien speichern, organisieren, finden, abrufen und teilen m\u00f6chten. Schnell installiert und einfach zu bedienen, bietet eine zentrale digitale Bibliothek Mitarbeitern, Kunden, Auftragnehmern und allen anderen wichtigen Personen den Zugriff auf digitale Assets, darunter Bilder, Fotos, kreative Dateien, Videos, Audios, [&hellip;]\" \/>\n<meta property=\"og:url\" content=\"https:\/\/ambsoftware-com.gryf.ambsoft.pl\/de\/digital-asset-management\/\" \/>\n<meta property=\"og:site_name\" content=\"AMBsoftware\" \/>\n<meta property=\"article:modified_time\" content=\"2023-11-30T11:12:02+00:00\" \/>\n<meta property=\"og:image\" content=\"https:\/\/ambsoftware-com.gryf.ambsoft.pl\/wp-content\/uploads\/2023\/09\/AdobeStock_114823177.jpg\" \/>\n\t<meta property=\"og:image:width\" content=\"2024\" \/>\n\t<meta property=\"og:image:height\" content=\"1351\" \/>\n\t<meta property=\"og:image:type\" content=\"image\/jpeg\" \/>\n<meta name=\"twitter:card\" content=\"summary_large_image\" \/>\n<meta name=\"twitter:label1\" content=\"Est. reading time\" \/>\n\t<meta name=\"twitter:data1\" content=\"1 minute\" \/>\n<script type=\"application\/ld+json\" class=\"yoast-schema-graph\">{\"@context\":\"https:\/\/schema.org\",\"@graph\":[{\"@type\":\"WebPage\",\"@id\":\"https:\/\/ambsoftware-com.gryf.ambsoft.pl\/de\/digital-asset-management\/\",\"url\":\"https:\/\/ambsoftware-com.gryf.ambsoft.pl\/de\/digital-asset-management\/\",\"name\":\"Digital Asset Management - AMBsoftware\",\"isPartOf\":{\"@id\":\"https:\/\/ambsoftware-com.gryf.ambsoft.pl\/de\/#website\"},\"primaryImageOfPage\":{\"@id\":\"https:\/\/ambsoftware-com.gryf.ambsoft.pl\/de\/digital-asset-management\/#primaryimage\"},\"image\":{\"@id\":\"https:\/\/ambsoftware-com.gryf.ambsoft.pl\/de\/digital-asset-management\/#primaryimage\"},\"thumbnailUrl\":\"https:\/\/ambsoftware-com.gryf.ambsoft.pl\/wp-content\/uploads\/2023\/09\/AdobeStock_114823177.jpg\",\"datePublished\":\"2023-09-19T14:04:03+00:00\",\"dateModified\":\"2023-11-30T11:12:02+00:00\",\"breadcrumb\":{\"@id\":\"https:\/\/ambsoftware-com.gryf.ambsoft.pl\/de\/digital-asset-management\/#breadcrumb\"},\"inLanguage\":\"de-DE\",\"potentialAction\":[{\"@type\":\"ReadAction\",\"target\":[\"https:\/\/ambsoftware-com.gryf.ambsoft.pl\/de\/digital-asset-management\/\"]}]},{\"@type\":\"ImageObject\",\"inLanguage\":\"de-DE\",\"@id\":\"https:\/\/ambsoftware-com.gryf.ambsoft.pl\/de\/digital-asset-management\/#primaryimage\",\"url\":\"https:\/\/ambsoftware-com.gryf.ambsoft.pl\/wp-content\/uploads\/2023\/09\/AdobeStock_114823177.jpg\",\"contentUrl\":\"https:\/\/ambsoftware-com.gryf.ambsoft.pl\/wp-content\/uploads\/2023\/09\/AdobeStock_114823177.jpg\",\"width\":2024,\"height\":1351},{\"@type\":\"BreadcrumbList\",\"@id\":\"https:\/\/ambsoftware-com.gryf.ambsoft.pl\/de\/digital-asset-management\/#breadcrumb\",\"itemListElement\":[{\"@type\":\"ListItem\",\"position\":1,\"name\":\"Home\",\"item\":\"https:\/\/ambsoftware-com.gryf.ambsoft.pl\/de\/\"},{\"@type\":\"ListItem\",\"position\":2,\"name\":\"Digital Asset Management\"}]},{\"@type\":\"WebSite\",\"@id\":\"https:\/\/ambsoftware-com.gryf.ambsoft.pl\/de\/#website\",\"url\":\"https:\/\/ambsoftware-com.gryf.ambsoft.pl\/de\/\",\"name\":\"AMBsoftware\",\"description\":\"\",\"publisher\":{\"@id\":\"https:\/\/ambsoftware-com.gryf.ambsoft.pl\/de\/#organization\"},\"potentialAction\":[{\"@type\":\"SearchAction\",\"target\":{\"@type\":\"EntryPoint\",\"urlTemplate\":\"https:\/\/ambsoftware-com.gryf.ambsoft.pl\/de\/?s={search_term_string}\"},\"query-input\":{\"@type\":\"PropertyValueSpecification\",\"valueRequired\":true,\"valueName\":\"search_term_string\"}}],\"inLanguage\":\"de-DE\"},{\"@type\":\"Organization\",\"@id\":\"https:\/\/ambsoftware-com.gryf.ambsoft.pl\/de\/#organization\",\"name\":\"AMBsoftware\",\"url\":\"https:\/\/ambsoftware-com.gryf.ambsoft.pl\/de\/\",\"logo\":{\"@type\":\"ImageObject\",\"inLanguage\":\"de-DE\",\"@id\":\"https:\/\/ambsoftware-com.gryf.ambsoft.pl\/de\/#\/schema\/logo\/image\/\",\"url\":\"https:\/\/ambsoftware-com.gryf.ambsoft.pl\/wp-content\/uploads\/2023\/09\/logo.svg\",\"contentUrl\":\"https:\/\/ambsoftware-com.gryf.ambsoft.pl\/wp-content\/uploads\/2023\/09\/logo.svg\",\"width\":54,\"height\":54,\"caption\":\"AMBsoftware\"},\"image\":{\"@id\":\"https:\/\/ambsoftware-com.gryf.ambsoft.pl\/de\/#\/schema\/logo\/image\/\"}}]}<\/script>\n<!-- \/ Yoast SEO plugin. -->","yoast_head_json":{"title":"Digital Asset Management - AMBsoftware","robots":{"index":"noindex","follow":"follow","max-snippet":"max-snippet:-1","max-image-preview":"max-image-preview:large","max-video-preview":"max-video-preview:-1"},"og_locale":"de_DE","og_type":"article","og_title":"Digital Asset Management - AMBsoftware","og_description":"DIGITAL ASSET MANAGEMENT AMBs Digital Asset Management (DAM) bietet eine effektive L\u00f6sung f\u00fcr Unternehmen, die digitale Dateien speichern, organisieren, finden, abrufen und teilen m\u00f6chten. Schnell installiert und einfach zu bedienen, bietet eine zentrale digitale Bibliothek Mitarbeitern, Kunden, Auftragnehmern und allen anderen wichtigen Personen den Zugriff auf digitale Assets, darunter Bilder, Fotos, kreative Dateien, Videos, Audios, [&hellip;]","og_url":"https:\/\/ambsoftware-com.gryf.ambsoft.pl\/de\/digital-asset-management\/","og_site_name":"AMBsoftware","article_modified_time":"2023-11-30T11:12:02+00:00","og_image":[{"width":2024,"height":1351,"url":"https:\/\/ambsoftware-com.gryf.ambsoft.pl\/wp-content\/uploads\/2023\/09\/AdobeStock_114823177.jpg","type":"image\/jpeg"}],"twitter_card":"summary_large_image","twitter_misc":{"Est. reading time":"1 minute"},"schema":{"@context":"https:\/\/schema.org","@graph":[{"@type":"WebPage","@id":"https:\/\/ambsoftware-com.gryf.ambsoft.pl\/de\/digital-asset-management\/","url":"https:\/\/ambsoftware-com.gryf.ambsoft.pl\/de\/digital-asset-management\/","name":"Digital Asset Management - AMBsoftware","isPartOf":{"@id":"https:\/\/ambsoftware-com.gryf.ambsoft.pl\/de\/#website"},"primaryImageOfPage":{"@id":"https:\/\/ambsoftware-com.gryf.ambsoft.pl\/de\/digital-asset-management\/#primaryimage"},"image":{"@id":"https:\/\/ambsoftware-com.gryf.ambsoft.pl\/de\/digital-asset-management\/#primaryimage"},"thumbnailUrl":"https:\/\/ambsoftware-com.gryf.ambsoft.pl\/wp-content\/uploads\/2023\/09\/AdobeStock_114823177.jpg","datePublished":"2023-09-19T14:04:03+00:00","dateModified":"2023-11-30T11:12:02+00:00","breadcrumb":{"@id":"https:\/\/ambsoftware-com.gryf.ambsoft.pl\/de\/digital-asset-management\/#breadcrumb"},"inLanguage":"de-DE","potentialAction":[{"@type":"ReadAction","target":["https:\/\/ambsoftware-com.gryf.ambsoft.pl\/de\/digital-asset-management\/"]}]},{"@type":"ImageObject","inLanguage":"de-DE","@id":"https:\/\/ambsoftware-com.gryf.ambsoft.pl\/de\/digital-asset-management\/#primaryimage","url":"https:\/\/ambsoftware-com.gryf.ambsoft.pl\/wp-content\/uploads\/2023\/09\/AdobeStock_114823177.jpg","contentUrl":"https:\/\/ambsoftware-com.gryf.ambsoft.pl\/wp-content\/uploads\/2023\/09\/AdobeStock_114823177.jpg","width":2024,"height":1351},{"@type":"BreadcrumbList","@id":"https:\/\/ambsoftware-com.gryf.ambsoft.pl\/de\/digital-asset-management\/#breadcrumb","itemListElement":[{"@type":"ListItem","position":1,"name":"Home","item":"https:\/\/ambsoftware-com.gryf.ambsoft.pl\/de\/"},{"@type":"ListItem","position":2,"name":"Digital Asset Management"}]},{"@type":"WebSite","@id":"https:\/\/ambsoftware-com.gryf.ambsoft.pl\/de\/#website","url":"https:\/\/ambsoftware-com.gryf.ambsoft.pl\/de\/","name":"AMBsoftware","description":"","publisher":{"@id":"https:\/\/ambsoftware-com.gryf.ambsoft.pl\/de\/#organization"},"potentialAction":[{"@type":"SearchAction","target":{"@type":"EntryPoint","urlTemplate":"https:\/\/ambsoftware-com.gryf.ambsoft.pl\/de\/?s={search_term_string}"},"query-input":{"@type":"PropertyValueSpecification","valueRequired":true,"valueName":"search_term_string"}}],"inLanguage":"de-DE"},{"@type":"Organization","@id":"https:\/\/ambsoftware-com.gryf.ambsoft.pl\/de\/#organization","name":"AMBsoftware","url":"https:\/\/ambsoftware-com.gryf.ambsoft.pl\/de\/","logo":{"@type":"ImageObject","inLanguage":"de-DE","@id":"https:\/\/ambsoftware-com.gryf.ambsoft.pl\/de\/#\/schema\/logo\/image\/","url":"https:\/\/ambsoftware-com.gryf.ambsoft.pl\/wp-content\/uploads\/2023\/09\/logo.svg","contentUrl":"https:\/\/ambsoftware-com.gryf.ambsoft.pl\/wp-content\/uploads\/2023\/09\/logo.svg","width":54,"height":54,"caption":"AMBsoftware"},"image":{"@id":"https:\/\/ambsoftware-com.gryf.ambsoft.pl\/de\/#\/schema\/logo\/image\/"}}]}},"_links":{"self":[{"href":"https:\/\/ambsoftware-com.gryf.ambsoft.pl\/de\/wp-json\/wp\/v2\/pages\/3350","targetHints":{"allow":["GET"]}}],"collection":[{"href":"https:\/\/ambsoftware-com.gryf.ambsoft.pl\/de\/wp-json\/wp\/v2\/pages"}],"about":[{"href":"https:\/\/ambsoftware-com.gryf.ambsoft.pl\/de\/wp-json\/wp\/v2\/types\/page"}],"author":[{"embeddable":true,"href":"https:\/\/ambsoftware-com.gryf.ambsoft.pl\/de\/wp-json\/wp\/v2\/users\/1"}],"replies":[{"embeddable":true,"href":"https:\/\/ambsoftware-com.gryf.ambsoft.pl\/de\/wp-json\/wp\/v2\/comments?post=3350"}],"version-history":[{"count":5,"href":"https:\/\/ambsoftware-com.gryf.ambsoft.pl\/de\/wp-json\/wp\/v2\/pages\/3350\/revisions"}],"predecessor-version":[{"id":4227,"href":"https:\/\/ambsoftware-com.gryf.ambsoft.pl\/de\/wp-json\/wp\/v2\/pages\/3350\/revisions\/4227"}],"wp:featuredmedia":[{"embeddable":true,"href":"https:\/\/ambsoftware-com.gryf.ambsoft.pl\/de\/wp-json\/wp\/v2\/media\/1053"}],"wp:attachment":[{"href":"https:\/\/ambsoftware-com.gryf.ambsoft.pl\/de\/wp-json\/wp\/v2\/media?parent=3350"}],"curies":[{"name":"wp","href":"https:\/\/api.w.org\/{rel}","templated":true}]}}