{"id":3342,"date":"2023-09-27T19:29:50","date_gmt":"2023-09-27T19:29:50","guid":{"rendered":"https:\/\/ambsoftware-com.gryf.ambsoft.pl\/about-us\/"},"modified":"2023-11-30T10:30:09","modified_gmt":"2023-11-30T10:30:09","slug":"about-us","status":"publish","type":"page","link":"https:\/\/ambsoftware-com.gryf.ambsoft.pl\/de\/about-us\/","title":{"rendered":"\u00dcBER UNS"},"content":{"rendered":"\t\t<div data-elementor-type=\"wp-page\" data-elementor-id=\"3342\" class=\"elementor elementor-3342 elementor-1093\" data-elementor-post-type=\"page\">\n\t\t\t\t<div class=\"elementor-element elementor-element-44781ae e-flex e-con-boxed e-con e-parent\" data-id=\"44781ae\" data-element_type=\"container\">\n\t\t\t\t\t<div class=\"e-con-inner\">\n\t\t\t\t<div class=\"elementor-element elementor-element-1410018 elementor-widget elementor-widget-heading\" data-id=\"1410018\" data-element_type=\"widget\" data-widget_type=\"heading.default\">\n\t\t\t\t<div class=\"elementor-widget-container\">\n\t\t\t<h2 class=\"elementor-heading-title elementor-size-default\">22 JAHRE VERTRAUEN<\/h2>\t\t<\/div>\n\t\t\t\t<\/div>\n\t\t\t\t<div class=\"elementor-element elementor-element-f908b76 elementor-widget__width-initial elementor-widget elementor-widget-text-editor\" data-id=\"f908b76\" data-element_type=\"widget\" data-widget_type=\"text-editor.default\">\n\t\t\t\t<div class=\"elementor-widget-container\">\n\t\t\t\t\t\t\t<p>\u201eBei AMB Software haben wir die Kraft und den Wert von Innovationen erkannt und t\u00e4tigen ein st\u00e4ndiges Investment in Research und Development. Unsere Mission ist, \u00fcber die Erwartungen unserer Partner im Bereich Qualit\u00e4t, neue Technologien und Innovationen hinauszugehen. Wir agieren proaktiv und fortschrittlich in allen Bereichen<em>.<\/em>\u201c<\/p>\n<p>Juanita Goniewicz<br \/>\nCEO &amp; Founder<\/p>\n\t\t\t\t\t\t<\/div>\n\t\t\t\t<\/div>\n\t\t\t\t\t<\/div>\n\t\t\t\t<\/div>\n\t\t<div class=\"elementor-element elementor-element-b07d442 e-con-full e-flex e-con e-parent\" data-id=\"b07d442\" data-element_type=\"container\" data-settings=\"{&quot;background_background&quot;:&quot;classic&quot;}\">\n\t\t<div class=\"elementor-element elementor-element-64689e9 e-flex e-con-boxed e-con e-child\" data-id=\"64689e9\" data-element_type=\"container\">\n\t\t\t\t\t<div class=\"e-con-inner\">\n\t\t\t\t<div class=\"elementor-element elementor-element-c40b1df elementor-widget__width-inherit elementor-widget elementor-widget-heading\" data-id=\"c40b1df\" data-element_type=\"widget\" data-widget_type=\"heading.default\">\n\t\t\t\t<div class=\"elementor-widget-container\">\n\t\t\t<h2 class=\"elementor-heading-title elementor-size-default\"> <\/h2>\t\t<\/div>\n\t\t\t\t<\/div>\n\t\t\t\t\t<\/div>\n\t\t\t\t<\/div>\n\t\t\t\t<\/div>\n\t\t<div class=\"elementor-element elementor-element-56bdaf1 e-flex e-con-boxed e-con e-parent\" data-id=\"56bdaf1\" data-element_type=\"container\" data-settings=\"{&quot;background_background&quot;:&quot;classic&quot;}\">\n\t\t\t\t\t<div class=\"e-con-inner\">\n\t\t<div class=\"elementor-element elementor-element-75b7986 e-con-full e-flex e-con e-child\" data-id=\"75b7986\" data-element_type=\"container\">\n\t\t\t\t<div class=\"elementor-element elementor-element-352a4ab elementor-widget elementor-widget-text-editor\" data-id=\"352a4ab\" data-element_type=\"widget\" data-widget_type=\"text-editor.default\">\n\t\t\t\t<div class=\"elementor-widget-container\">\n\t\t\t\t\t\t\t<p>AMB Software wurde 2000 von Juanita Goniewicz in Zielona G\u00f3ra (Polen) gegr\u00fcndet. AMB Software war bereits seit der Entstehung auf Nearshoring und Outsourcing Dienstleistungen gerichtet und entwickelte sich \u00fcber die Jahre zu einer Unternehmensgruppe mit eigenen Produkten und Innovationen. AMB besteht heute aus mehreren Unternehmen, die von einem Team &#8211; als AMB Group &#8211; gebildet und vorangetrieben werden.<\/p>\n<p>AMB Software besitzt mehr als 22 Jahre IT Erfahrung auf dem Europ\u00e4ischen Markt und kann zahlreiche namenhafte zufriedene Partner vorweisen, mit denen wir langfristig kooperieren. Unsere agilen Teams sind sehr gut qualifiziert, haben im Durchschnitt 9+ Jahre Berufserfahrung und wir freuen uns \u00fcber eine Fluktuationsrate von knapp 4% pa.<\/p>\n<p>Mit unseren mehr als\u00a050\u00a0Consultants an den beiden\u00a0Standorten in Berlin (HQ) und Zielona Gora (Research &amp; Development Center) sind wir in der Lage stetig zu wachsen und am Puls zu bleiben.<\/p>\n\t\t\t\t\t\t<\/div>\n\t\t\t\t<\/div>\n\t\t\t\t<\/div>\n\t\t<div class=\"elementor-element elementor-element-7d789d3 e-con-full e-flex e-con e-child\" data-id=\"7d789d3\" data-element_type=\"container\">\n\t\t\t\t<div class=\"elementor-element elementor-element-b7e725b elementor-widget elementor-widget-text-editor\" data-id=\"b7e725b\" data-element_type=\"widget\" data-widget_type=\"text-editor.default\">\n\t\t\t\t<div class=\"elementor-widget-container\">\n\t\t\t\t\t\t\t<div class=\"col-xs-12 col-md-6\">\n<div class=\"ezrichtext-field\">\n<p>Mit ambbeacons haben sind wir mit interessanten Beacon-Anwendungen f\u00fcr Retail und Indoor Navigation auf dem internationalen Markt pr\u00e4sent.<\/p>\n<p>Mit unseren amb outsourcing IT Services bieten wir auf Wunsch unserer Partner dedizierte (Scrum) Teams an. Als erfahrener Nearshoring und Outsourcing Dienstleister, k\u00f6nnen wir unseren Partnern ma\u00dfgeschneiderte L\u00f6sungen als Teamerweiterung, Teamerg\u00e4nzung oder Produkt\/Projektentwicklung anbieten.<\/p>\n<p>Mit amb360 bieten wir einen Full-Product-Lifecycle-Management Service an und k\u00f6nnen jeden Teil eines Produktzyklus \u00fcbernehmen. Angefangen von der Beratung bei der Konzeption Ihrer Idee, \u00fcber ein IT-Consulting Ihrer IT-Architektur und Software Entwicklung\u00a0einschlie\u00dflich Qualit\u00e4tssicherung, bis hin zu modernsten Continuous Delivery, DevOps und Cloud Services einschlie\u00dflich Amazon Web Services und OpenStack.<\/p>\n<\/div>\n<\/div>\n\t\t\t\t\t\t<\/div>\n\t\t\t\t<\/div>\n\t\t\t\t<\/div>\n\t\t\t\t\t<\/div>\n\t\t\t\t<\/div>\n\t\t<div class=\"elementor-element elementor-element-0b84549 e-flex e-con-boxed e-con e-parent\" data-id=\"0b84549\" data-element_type=\"container\">\n\t\t\t\t\t<div class=\"e-con-inner\">\n\t\t\t\t<div class=\"elementor-element elementor-element-a052e79 elementor-widget elementor-widget-image\" data-id=\"a052e79\" data-element_type=\"widget\" data-widget_type=\"image.default\">\n\t\t\t\t<div class=\"elementor-widget-container\">\n\t\t\t\t\t\t\t\t\t\t\t\t\t<img fetchpriority=\"high\" decoding=\"async\" width=\"1536\" height=\"1018\" src=\"https:\/\/ambsoftware-com.gryf.ambsoft.pl\/wp-content\/uploads\/2023\/09\/AdobeStock_188302024-1536x1018.jpeg\" class=\"attachment-1536x1536 size-1536x1536 wp-image-1254\" alt=\"\" srcset=\"https:\/\/ambsoftware-com.gryf.ambsoft.pl\/wp-content\/uploads\/2023\/09\/AdobeStock_188302024-1536x1018.jpeg 1536w, https:\/\/ambsoftware-com.gryf.ambsoft.pl\/wp-content\/uploads\/2023\/09\/AdobeStock_188302024-640x424.jpeg 640w, https:\/\/ambsoftware-com.gryf.ambsoft.pl\/wp-content\/uploads\/2023\/09\/AdobeStock_188302024-1024x678.jpeg 1024w, https:\/\/ambsoftware-com.gryf.ambsoft.pl\/wp-content\/uploads\/2023\/09\/AdobeStock_188302024-300x199.jpeg 300w, https:\/\/ambsoftware-com.gryf.ambsoft.pl\/wp-content\/uploads\/2023\/09\/AdobeStock_188302024-768x509.jpeg 768w, https:\/\/ambsoftware-com.gryf.ambsoft.pl\/wp-content\/uploads\/2023\/09\/AdobeStock_188302024.jpeg 2024w\" sizes=\"(max-width: 1536px) 100vw, 1536px\" \/>\t\t\t\t\t\t\t\t\t\t\t\t\t<\/div>\n\t\t\t\t<\/div>\n\t\t\t\t\t<\/div>\n\t\t\t\t<\/div>\n\t\t<div class=\"elementor-element elementor-element-cb6a824 e-flex e-con-boxed e-con e-parent\" data-id=\"cb6a824\" data-element_type=\"container\">\n\t\t\t\t\t<div class=\"e-con-inner\">\n\t\t<div class=\"elementor-element elementor-element-898f0af e-con-full e-flex e-con e-child\" data-id=\"898f0af\" data-element_type=\"container\">\n\t\t\t\t<div class=\"elementor-element elementor-element-c8d9ccf elementor-widget elementor-widget-heading\" data-id=\"c8d9ccf\" data-element_type=\"widget\" data-widget_type=\"heading.default\">\n\t\t\t\t<div class=\"elementor-widget-container\">\n\t\t\t<h3 class=\"elementor-heading-title elementor-size-default\">Innovation<\/h3>\t\t<\/div>\n\t\t\t\t<\/div>\n\t\t\t\t<div class=\"elementor-element elementor-element-a90a3ea elementor-widget elementor-widget-text-editor\" data-id=\"a90a3ea\" data-element_type=\"widget\" data-widget_type=\"text-editor.default\">\n\t\t\t\t<div class=\"elementor-widget-container\">\n\t\t\t\t\t\t\t<p>Hier bei AMB finden Sie einige der besten Talente Europas. Gro\u00dfe Projekte sind der wesentliche Bestandteil von AMB Software. Wir bieten eine breite Palette von Projekten an. Dies ist immer eine\u00a0Gew\u00e4hrleistung, die besten Talente f\u00fcr uns zu gewinnen. Wir sind sehr stolz auf unser Team, das unser Unternehmen zu einem erfolgreichen IT-Partner f\u00fcr viele namhafte Unternehmen macht.<\/p>\n\t\t\t\t\t\t<\/div>\n\t\t\t\t<\/div>\n\t\t\t\t<\/div>\n\t\t<div class=\"elementor-element elementor-element-a4373e4 e-con-full e-flex e-con e-child\" data-id=\"a4373e4\" data-element_type=\"container\">\n\t\t\t\t<div class=\"elementor-element elementor-element-da93bb0 elementor-widget elementor-widget-heading\" data-id=\"da93bb0\" data-element_type=\"widget\" data-widget_type=\"heading.default\">\n\t\t\t\t<div class=\"elementor-widget-container\">\n\t\t\t<h3 class=\"elementor-heading-title elementor-size-default\">LEIDENSCHAFT<\/h3>\t\t<\/div>\n\t\t\t\t<\/div>\n\t\t\t\t<div class=\"elementor-element elementor-element-62293b0 elementor-widget elementor-widget-text-editor\" data-id=\"62293b0\" data-element_type=\"widget\" data-widget_type=\"text-editor.default\">\n\t\t\t\t<div class=\"elementor-widget-container\">\n\t\t\t\t\t\t\t<p>Der Erfolg unseres Unternehmens liegt in den Talenten, welche wir stolz sind\u00a0als unsere Familie bezeichnen zu k\u00f6nnen. Dar\u00fcber hinaus f\u00fchrt die Kombination aus Kompetenz &amp; Leidenschaft sowie Qualit\u00e4t &amp; Innovation zu einer hohen Kundenzufriedenheit.<\/p>\n\t\t\t\t\t\t<\/div>\n\t\t\t\t<\/div>\n\t\t\t\t<\/div>\n\t\t<div class=\"elementor-element elementor-element-0adfd21 e-con-full e-flex e-con e-child\" data-id=\"0adfd21\" data-element_type=\"container\">\n\t\t\t\t<div class=\"elementor-element elementor-element-cfd2595 elementor-widget elementor-widget-heading\" data-id=\"cfd2595\" data-element_type=\"widget\" data-widget_type=\"heading.default\">\n\t\t\t\t<div class=\"elementor-widget-container\">\n\t\t\t<h3 class=\"elementor-heading-title elementor-size-default\">ERFAHRUNG<\/h3>\t\t<\/div>\n\t\t\t\t<\/div>\n\t\t\t\t<div class=\"elementor-element elementor-element-dab052a elementor-widget elementor-widget-text-editor\" data-id=\"dab052a\" data-element_type=\"widget\" data-widget_type=\"text-editor.default\">\n\t\t\t\t<div class=\"elementor-widget-container\">\n\t\t\t\t\t\t\t<p>Unsere Weltklasse-Entwickler und unsere Expertise im Outsourcing von IT-Services erm\u00f6glichen es Ihnen, sich auf die Kerngesch\u00e4fte zu konzentrieren und gleichzeitig die Kosten zu senken und die Prozessgeschwindigkeit zu erh\u00f6hen. Die M\u00f6glichkeit\u00a0zwischen verschiedenen Formen der Zusammenarbeit zu w\u00e4hlen, garantiert, dass jeder Kunde seine gesch\u00e4ftlichen Anforderungen erf\u00fcllt. Wir k\u00f6nnen Ihnen helfen die &#8220;Angst&#8221; vorm Outsourcing zu nehmen.<\/p>\n\t\t\t\t\t\t<\/div>\n\t\t\t\t<\/div>\n\t\t\t\t<\/div>\n\t\t\t\t\t<\/div>\n\t\t\t\t<\/div>\n\t\t<div class=\"elementor-element elementor-element-45da087 e-flex e-con-boxed e-con e-parent\" data-id=\"45da087\" data-element_type=\"container\">\n\t\t\t\t\t<div class=\"e-con-inner\">\n\t\t<div class=\"elementor-element elementor-element-f54761a e-con-full e-flex e-con e-child\" data-id=\"f54761a\" data-element_type=\"container\">\n\t\t\t\t<div class=\"elementor-element elementor-element-b58871b elementor-widget elementor-widget-heading\" data-id=\"b58871b\" data-element_type=\"widget\" data-widget_type=\"heading.default\">\n\t\t\t\t<div class=\"elementor-widget-container\">\n\t\t\t<h2 class=\"elementor-heading-title elementor-size-default\">UNSERE VORTEILE<\/h2>\t\t<\/div>\n\t\t\t\t<\/div>\n\t\t\t\t<\/div>\n\t\t<div class=\"elementor-element elementor-element-0a28110 e-con-full e-flex e-con e-child\" data-id=\"0a28110\" data-element_type=\"container\">\n\t\t\t\t<div class=\"elementor-element elementor-element-addb36f elementor-position-top elementor-widget elementor-widget-image-box\" data-id=\"addb36f\" data-element_type=\"widget\" data-widget_type=\"image-box.default\">\n\t\t\t\t<div class=\"elementor-widget-container\">\n\t\t\t<div class=\"elementor-image-box-wrapper\"><figure class=\"elementor-image-box-img\"><img decoding=\"async\" width=\"246\" height=\"246\" src=\"https:\/\/ambsoftware-com.gryf.ambsoft.pl\/wp-content\/uploads\/2023\/09\/Group-1019@3x.jpg\" class=\"attachment-full size-full wp-image-1266\" alt=\"\" \/><\/figure><div class=\"elementor-image-box-content\"><h3 class=\"elementor-image-box-title\">EXPERTISE<\/h3><p class=\"elementor-image-box-description\">Die kombinierte Erfahrung unserer Profis geht \u00fcber das Leben einer Person hinaus.<\/p><\/div><\/div>\t\t<\/div>\n\t\t\t\t<\/div>\n\t\t\t\t<\/div>\n\t\t<div class=\"elementor-element elementor-element-eecac10 e-con-full e-flex e-con e-child\" data-id=\"eecac10\" data-element_type=\"container\">\n\t\t\t\t<div class=\"elementor-element elementor-element-d314be7 elementor-position-top elementor-widget elementor-widget-image-box\" data-id=\"d314be7\" data-element_type=\"widget\" data-widget_type=\"image-box.default\">\n\t\t\t\t<div class=\"elementor-widget-container\">\n\t\t\t<div class=\"elementor-image-box-wrapper\"><figure class=\"elementor-image-box-img\"><img decoding=\"async\" width=\"246\" height=\"246\" src=\"https:\/\/ambsoftware-com.gryf.ambsoft.pl\/wp-content\/uploads\/2023\/09\/Group-1016@3x.jpg\" class=\"attachment-full size-full wp-image-1260\" alt=\"\" \/><\/figure><div class=\"elementor-image-box-content\"><h3 class=\"elementor-image-box-title\">TRANSPARENZ<\/h3><p class=\"elementor-image-box-description\">Wir halten Sie auf dem Laufenden \u2013 denn wir wissen, dass Gesch\u00e4fte auf Vertrauen basieren.<\/p><\/div><\/div>\t\t<\/div>\n\t\t\t\t<\/div>\n\t\t\t\t<\/div>\n\t\t<div class=\"elementor-element elementor-element-9c3738a e-con-full e-flex e-con e-child\" data-id=\"9c3738a\" data-element_type=\"container\">\n\t\t\t\t<div class=\"elementor-element elementor-element-f11fde9 elementor-position-top elementor-widget elementor-widget-image-box\" data-id=\"f11fde9\" data-element_type=\"widget\" data-widget_type=\"image-box.default\">\n\t\t\t\t<div class=\"elementor-widget-container\">\n\t\t\t<div class=\"elementor-image-box-wrapper\"><figure class=\"elementor-image-box-img\"><img loading=\"lazy\" decoding=\"async\" width=\"246\" height=\"246\" src=\"https:\/\/ambsoftware-com.gryf.ambsoft.pl\/wp-content\/uploads\/2023\/09\/Group-1017@3x.jpg\" class=\"attachment-full size-full wp-image-1273\" alt=\"\" \/><\/figure><div class=\"elementor-image-box-content\"><h3 class=\"elementor-image-box-title\">TIME-TO-MARKET<\/h3><p class=\"elementor-image-box-description\">Sie sparen die wertvollste Ressource \u2013 Zeit. Optimierung ist unser zweiter Name.<\/p><\/div><\/div>\t\t<\/div>\n\t\t\t\t<\/div>\n\t\t\t\t<\/div>\n\t\t<div class=\"elementor-element elementor-element-7e78c42 e-con-full e-flex e-con e-child\" data-id=\"7e78c42\" data-element_type=\"container\">\n\t\t\t\t<div class=\"elementor-element elementor-element-0c86b0b elementor-position-top elementor-widget elementor-widget-image-box\" data-id=\"0c86b0b\" data-element_type=\"widget\" data-widget_type=\"image-box.default\">\n\t\t\t\t<div class=\"elementor-widget-container\">\n\t\t\t<div class=\"elementor-image-box-wrapper\"><figure class=\"elementor-image-box-img\"><img loading=\"lazy\" decoding=\"async\" width=\"246\" height=\"246\" src=\"https:\/\/ambsoftware-com.gryf.ambsoft.pl\/wp-content\/uploads\/2023\/09\/Group-1018@3x.jpg\" class=\"attachment-full size-full wp-image-1257\" alt=\"\" \/><\/figure><div class=\"elementor-image-box-content\"><h3 class=\"elementor-image-box-title\">EINZIGARTIGER ANSATZ<\/h3><p class=\"elementor-image-box-description\">Wir wollen Sie besser kennenlernen und Ihre Projekte verstehen.<\/p><\/div><\/div>\t\t<\/div>\n\t\t\t\t<\/div>\n\t\t\t\t<\/div>\n\t\t\t\t\t<\/div>\n\t\t\t\t<\/div>\n\t\t\t\t<\/div>\n\t\t","protected":false},"excerpt":{"rendered":"<p>22 JAHRE VERTRAUEN \u201eBei AMB Software haben wir die Kraft und den Wert von Innovationen erkannt und t\u00e4tigen ein st\u00e4ndiges Investment in Research und Development. Unsere Mission ist, \u00fcber die Erwartungen unserer Partner im Bereich Qualit\u00e4t, neue Technologien und Innovationen hinauszugehen. Wir agieren proaktiv und fortschrittlich in allen Bereichen.\u201c Juanita Goniewicz CEO &amp; Founder AMB [&hellip;]<\/p>\n","protected":false},"author":1,"featured_media":2982,"parent":0,"menu_order":0,"comment_status":"closed","ping_status":"closed","template":"","meta":{"_acf_changed":false,"footnotes":""},"class_list":["post-3342","page","type-page","status-publish","has-post-thumbnail","hentry"],"acf":[],"yoast_head":"<!-- This site is optimized with the Yoast SEO plugin v23.5 - https:\/\/yoast.com\/wordpress\/plugins\/seo\/ -->\n<title>\u00dcBER UNS - AMBsoftware<\/title>\n<meta name=\"robots\" content=\"noindex, follow, max-snippet:-1, max-image-preview:large, max-video-preview:-1\" \/>\n<meta property=\"og:locale\" content=\"de_DE\" \/>\n<meta property=\"og:type\" content=\"article\" \/>\n<meta property=\"og:title\" content=\"\u00dcBER UNS - AMBsoftware\" \/>\n<meta property=\"og:description\" content=\"22 JAHRE VERTRAUEN \u201eBei AMB Software haben wir die Kraft und den Wert von Innovationen erkannt und t\u00e4tigen ein st\u00e4ndiges Investment in Research und Development. Unsere Mission ist, \u00fcber die Erwartungen unserer Partner im Bereich Qualit\u00e4t, neue Technologien und Innovationen hinauszugehen. Wir agieren proaktiv und fortschrittlich in allen Bereichen.\u201c Juanita Goniewicz CEO &amp; Founder AMB [&hellip;]\" \/>\n<meta property=\"og:url\" content=\"https:\/\/ambsoftware-com.gryf.ambsoft.pl\/de\/about-us\/\" \/>\n<meta property=\"og:site_name\" content=\"AMBsoftware\" \/>\n<meta property=\"article:modified_time\" content=\"2023-11-30T10:30:09+00:00\" \/>\n<meta property=\"og:image\" content=\"https:\/\/ambsoftware-com.gryf.ambsoft.pl\/wp-content\/uploads\/2023\/10\/AdobeStock_100509577.jpeg\" \/>\n\t<meta property=\"og:image:width\" content=\"1\" \/>\n\t<meta property=\"og:image:height\" content=\"1\" \/>\n\t<meta property=\"og:image:type\" content=\"image\/jpeg\" \/>\n<meta name=\"twitter:card\" content=\"summary_large_image\" \/>\n<meta name=\"twitter:label1\" content=\"Est. reading time\" \/>\n\t<meta name=\"twitter:data1\" content=\"3 minutes\" \/>\n<script type=\"application\/ld+json\" class=\"yoast-schema-graph\">{\"@context\":\"https:\/\/schema.org\",\"@graph\":[{\"@type\":\"WebPage\",\"@id\":\"https:\/\/ambsoftware-com.gryf.ambsoft.pl\/de\/about-us\/\",\"url\":\"https:\/\/ambsoftware-com.gryf.ambsoft.pl\/de\/about-us\/\",\"name\":\"\u00dcBER UNS - AMBsoftware\",\"isPartOf\":{\"@id\":\"https:\/\/ambsoftware-com.gryf.ambsoft.pl\/de\/#website\"},\"primaryImageOfPage\":{\"@id\":\"https:\/\/ambsoftware-com.gryf.ambsoft.pl\/de\/about-us\/#primaryimage\"},\"image\":{\"@id\":\"https:\/\/ambsoftware-com.gryf.ambsoft.pl\/de\/about-us\/#primaryimage\"},\"thumbnailUrl\":\"https:\/\/ambsoftware-com.gryf.ambsoft.pl\/wp-content\/uploads\/2023\/10\/AdobeStock_100509577.jpeg\",\"datePublished\":\"2023-09-27T19:29:50+00:00\",\"dateModified\":\"2023-11-30T10:30:09+00:00\",\"breadcrumb\":{\"@id\":\"https:\/\/ambsoftware-com.gryf.ambsoft.pl\/de\/about-us\/#breadcrumb\"},\"inLanguage\":\"de-DE\",\"potentialAction\":[{\"@type\":\"ReadAction\",\"target\":[\"https:\/\/ambsoftware-com.gryf.ambsoft.pl\/de\/about-us\/\"]}]},{\"@type\":\"ImageObject\",\"inLanguage\":\"de-DE\",\"@id\":\"https:\/\/ambsoftware-com.gryf.ambsoft.pl\/de\/about-us\/#primaryimage\",\"url\":\"https:\/\/ambsoftware-com.gryf.ambsoft.pl\/wp-content\/uploads\/2023\/10\/AdobeStock_100509577.jpeg\",\"contentUrl\":\"https:\/\/ambsoftware-com.gryf.ambsoft.pl\/wp-content\/uploads\/2023\/10\/AdobeStock_100509577.jpeg\",\"caption\":\"Beautiful azure water of lagoon in the Halong Bay (Descending Dragon Bay) at the Gulf of Tonkin of the South China Sea, Vietnam. Scenic landscape formed by karst towers-isles on blue sky background.\"},{\"@type\":\"BreadcrumbList\",\"@id\":\"https:\/\/ambsoftware-com.gryf.ambsoft.pl\/de\/about-us\/#breadcrumb\",\"itemListElement\":[{\"@type\":\"ListItem\",\"position\":1,\"name\":\"Home\",\"item\":\"https:\/\/ambsoftware-com.gryf.ambsoft.pl\/de\/\"},{\"@type\":\"ListItem\",\"position\":2,\"name\":\"\u00dcBER UNS\"}]},{\"@type\":\"WebSite\",\"@id\":\"https:\/\/ambsoftware-com.gryf.ambsoft.pl\/de\/#website\",\"url\":\"https:\/\/ambsoftware-com.gryf.ambsoft.pl\/de\/\",\"name\":\"AMBsoftware\",\"description\":\"\",\"publisher\":{\"@id\":\"https:\/\/ambsoftware-com.gryf.ambsoft.pl\/de\/#organization\"},\"potentialAction\":[{\"@type\":\"SearchAction\",\"target\":{\"@type\":\"EntryPoint\",\"urlTemplate\":\"https:\/\/ambsoftware-com.gryf.ambsoft.pl\/de\/?s={search_term_string}\"},\"query-input\":{\"@type\":\"PropertyValueSpecification\",\"valueRequired\":true,\"valueName\":\"search_term_string\"}}],\"inLanguage\":\"de-DE\"},{\"@type\":\"Organization\",\"@id\":\"https:\/\/ambsoftware-com.gryf.ambsoft.pl\/de\/#organization\",\"name\":\"AMBsoftware\",\"url\":\"https:\/\/ambsoftware-com.gryf.ambsoft.pl\/de\/\",\"logo\":{\"@type\":\"ImageObject\",\"inLanguage\":\"de-DE\",\"@id\":\"https:\/\/ambsoftware-com.gryf.ambsoft.pl\/de\/#\/schema\/logo\/image\/\",\"url\":\"https:\/\/ambsoftware-com.gryf.ambsoft.pl\/wp-content\/uploads\/2023\/09\/logo.svg\",\"contentUrl\":\"https:\/\/ambsoftware-com.gryf.ambsoft.pl\/wp-content\/uploads\/2023\/09\/logo.svg\",\"width\":54,\"height\":54,\"caption\":\"AMBsoftware\"},\"image\":{\"@id\":\"https:\/\/ambsoftware-com.gryf.ambsoft.pl\/de\/#\/schema\/logo\/image\/\"}}]}<\/script>\n<!-- \/ Yoast SEO plugin. -->","yoast_head_json":{"title":"\u00dcBER UNS - AMBsoftware","robots":{"index":"noindex","follow":"follow","max-snippet":"max-snippet:-1","max-image-preview":"max-image-preview:large","max-video-preview":"max-video-preview:-1"},"og_locale":"de_DE","og_type":"article","og_title":"\u00dcBER UNS - AMBsoftware","og_description":"22 JAHRE VERTRAUEN \u201eBei AMB Software haben wir die Kraft und den Wert von Innovationen erkannt und t\u00e4tigen ein st\u00e4ndiges Investment in Research und Development. Unsere Mission ist, \u00fcber die Erwartungen unserer Partner im Bereich Qualit\u00e4t, neue Technologien und Innovationen hinauszugehen. Wir agieren proaktiv und fortschrittlich in allen Bereichen.\u201c Juanita Goniewicz CEO &amp; Founder AMB [&hellip;]","og_url":"https:\/\/ambsoftware-com.gryf.ambsoft.pl\/de\/about-us\/","og_site_name":"AMBsoftware","article_modified_time":"2023-11-30T10:30:09+00:00","og_image":[{"url":"https:\/\/ambsoftware-com.gryf.ambsoft.pl\/wp-content\/uploads\/2023\/10\/AdobeStock_100509577.jpeg","width":1,"height":1,"type":"image\/jpeg"}],"twitter_card":"summary_large_image","twitter_misc":{"Est. reading time":"3 minutes"},"schema":{"@context":"https:\/\/schema.org","@graph":[{"@type":"WebPage","@id":"https:\/\/ambsoftware-com.gryf.ambsoft.pl\/de\/about-us\/","url":"https:\/\/ambsoftware-com.gryf.ambsoft.pl\/de\/about-us\/","name":"\u00dcBER UNS - AMBsoftware","isPartOf":{"@id":"https:\/\/ambsoftware-com.gryf.ambsoft.pl\/de\/#website"},"primaryImageOfPage":{"@id":"https:\/\/ambsoftware-com.gryf.ambsoft.pl\/de\/about-us\/#primaryimage"},"image":{"@id":"https:\/\/ambsoftware-com.gryf.ambsoft.pl\/de\/about-us\/#primaryimage"},"thumbnailUrl":"https:\/\/ambsoftware-com.gryf.ambsoft.pl\/wp-content\/uploads\/2023\/10\/AdobeStock_100509577.jpeg","datePublished":"2023-09-27T19:29:50+00:00","dateModified":"2023-11-30T10:30:09+00:00","breadcrumb":{"@id":"https:\/\/ambsoftware-com.gryf.ambsoft.pl\/de\/about-us\/#breadcrumb"},"inLanguage":"de-DE","potentialAction":[{"@type":"ReadAction","target":["https:\/\/ambsoftware-com.gryf.ambsoft.pl\/de\/about-us\/"]}]},{"@type":"ImageObject","inLanguage":"de-DE","@id":"https:\/\/ambsoftware-com.gryf.ambsoft.pl\/de\/about-us\/#primaryimage","url":"https:\/\/ambsoftware-com.gryf.ambsoft.pl\/wp-content\/uploads\/2023\/10\/AdobeStock_100509577.jpeg","contentUrl":"https:\/\/ambsoftware-com.gryf.ambsoft.pl\/wp-content\/uploads\/2023\/10\/AdobeStock_100509577.jpeg","caption":"Beautiful azure water of lagoon in the Halong Bay (Descending Dragon Bay) at the Gulf of Tonkin of the South China Sea, Vietnam. Scenic landscape formed by karst towers-isles on blue sky background."},{"@type":"BreadcrumbList","@id":"https:\/\/ambsoftware-com.gryf.ambsoft.pl\/de\/about-us\/#breadcrumb","itemListElement":[{"@type":"ListItem","position":1,"name":"Home","item":"https:\/\/ambsoftware-com.gryf.ambsoft.pl\/de\/"},{"@type":"ListItem","position":2,"name":"\u00dcBER UNS"}]},{"@type":"WebSite","@id":"https:\/\/ambsoftware-com.gryf.ambsoft.pl\/de\/#website","url":"https:\/\/ambsoftware-com.gryf.ambsoft.pl\/de\/","name":"AMBsoftware","description":"","publisher":{"@id":"https:\/\/ambsoftware-com.gryf.ambsoft.pl\/de\/#organization"},"potentialAction":[{"@type":"SearchAction","target":{"@type":"EntryPoint","urlTemplate":"https:\/\/ambsoftware-com.gryf.ambsoft.pl\/de\/?s={search_term_string}"},"query-input":{"@type":"PropertyValueSpecification","valueRequired":true,"valueName":"search_term_string"}}],"inLanguage":"de-DE"},{"@type":"Organization","@id":"https:\/\/ambsoftware-com.gryf.ambsoft.pl\/de\/#organization","name":"AMBsoftware","url":"https:\/\/ambsoftware-com.gryf.ambsoft.pl\/de\/","logo":{"@type":"ImageObject","inLanguage":"de-DE","@id":"https:\/\/ambsoftware-com.gryf.ambsoft.pl\/de\/#\/schema\/logo\/image\/","url":"https:\/\/ambsoftware-com.gryf.ambsoft.pl\/wp-content\/uploads\/2023\/09\/logo.svg","contentUrl":"https:\/\/ambsoftware-com.gryf.ambsoft.pl\/wp-content\/uploads\/2023\/09\/logo.svg","width":54,"height":54,"caption":"AMBsoftware"},"image":{"@id":"https:\/\/ambsoftware-com.gryf.ambsoft.pl\/de\/#\/schema\/logo\/image\/"}}]}},"_links":{"self":[{"href":"https:\/\/ambsoftware-com.gryf.ambsoft.pl\/de\/wp-json\/wp\/v2\/pages\/3342","targetHints":{"allow":["GET"]}}],"collection":[{"href":"https:\/\/ambsoftware-com.gryf.ambsoft.pl\/de\/wp-json\/wp\/v2\/pages"}],"about":[{"href":"https:\/\/ambsoftware-com.gryf.ambsoft.pl\/de\/wp-json\/wp\/v2\/types\/page"}],"author":[{"embeddable":true,"href":"https:\/\/ambsoftware-com.gryf.ambsoft.pl\/de\/wp-json\/wp\/v2\/users\/1"}],"replies":[{"embeddable":true,"href":"https:\/\/ambsoftware-com.gryf.ambsoft.pl\/de\/wp-json\/wp\/v2\/comments?post=3342"}],"version-history":[{"count":9,"href":"https:\/\/ambsoftware-com.gryf.ambsoft.pl\/de\/wp-json\/wp\/v2\/pages\/3342\/revisions"}],"predecessor-version":[{"id":4223,"href":"https:\/\/ambsoftware-com.gryf.ambsoft.pl\/de\/wp-json\/wp\/v2\/pages\/3342\/revisions\/4223"}],"wp:featuredmedia":[{"embeddable":true,"href":"https:\/\/ambsoftware-com.gryf.ambsoft.pl\/de\/wp-json\/wp\/v2\/media\/2982"}],"wp:attachment":[{"href":"https:\/\/ambsoftware-com.gryf.ambsoft.pl\/de\/wp-json\/wp\/v2\/media?parent=3342"}],"curies":[{"name":"wp","href":"https:\/\/api.w.org\/{rel}","templated":true}]}}