{"id":3331,"date":"2023-11-03T11:48:45","date_gmt":"2023-11-03T11:48:45","guid":{"rendered":"https:\/\/ambsoftware-com.gryf.ambsoft.pl\/?page_id=3331"},"modified":"2023-11-03T11:54:01","modified_gmt":"2023-11-03T11:54:01","slug":"impressum","status":"publish","type":"page","link":"https:\/\/ambsoftware-com.gryf.ambsoft.pl\/de\/impressum\/","title":{"rendered":"Impressum"},"content":{"rendered":"\t\t<div data-elementor-type=\"wp-page\" data-elementor-id=\"3331\" class=\"elementor elementor-3331\" data-elementor-post-type=\"page\">\n\t\t\t\t<div class=\"elementor-element elementor-element-464b4c1b e-flex e-con-boxed e-con e-parent\" data-id=\"464b4c1b\" data-element_type=\"container\">\n\t\t\t\t\t<div class=\"e-con-inner\">\n\t\t\t\t<div class=\"elementor-element elementor-element-6fc3426e elementor-widget elementor-widget-text-editor\" data-id=\"6fc3426e\" data-element_type=\"widget\" data-widget_type=\"text-editor.default\">\n\t\t\t\t<div class=\"elementor-widget-container\">\n\t\t\t\t\t\t\t<p>Angaben gem\u00e4\u00df \u00a7 5 TMG:<br \/>AMB Software GmbH<br \/>Kurf\u00fcrstendamm 194<br \/>10707 Berlin<\/p><p><strong>Vertreten durch:<\/strong><br \/>Juanita Goniewicz<\/p><p><strong>Kontakt<\/strong><br \/>Telefon: <a href=\"callto:+4903058917341\">49 30 589 17341<\/a><br \/>E-Mail: <a href=\"mailto:office@ambsoft.de\">office@ambsoft.de<\/a><\/p><p>\u00a0<\/p><div class=\"container\"><div class=\"col-xs-12 col-md-6 text-xs-center left_col\"><h2>L\u00f6sung<\/h2><h2 class=\"separator\">&#8211;<\/h2><div class=\"ezrichtext-field\"><p><strong>Registereintrag<\/strong><\/p><p>Eintragung im Handelsregister.Registergericht: Amtsgericht CharlottenburgRegisternummer: HRB 184133 B<\/p><p><strong>Umsatzsteuer-ID<\/strong>Umsatzsteuer-Identifikationsnummer gem\u00e4\u00df \u00a727 a Umsatzsteuergesetz:DE311550516<\/p><p><strong>HAFTUNGSAUSSCHLUSS<\/strong><\/p><p>Trotz sorgf\u00e4ltiger Bearbeitung der Inhalte der Website kann au\u00dferhalb bestehender Mandatsverh\u00e4ltnisse keine Haftung f\u00fcr die inhaltliche Richtigkeit, Vollst\u00e4ndigkeit und Aktualit\u00e4t \u00fcbernommen werden.<\/p><p><strong>ONLINE-STREITBEILEGUNG<\/strong><\/p><p>Plattform der EU zur au\u00dfergerichtlichen Online-Streitbeilegung:\u00a0<a href=\"https:\/\/ec.europa.eu\/consumers\/odr\/main\/index.cfm?event=main.home.chooseLanguage\">webgate.ec.europa.eu\/odr<\/a><\/p><p>Zu der Teilnahme an Streitbeilegungsverfahren vor einer Verbraucherschlichtungsstelle sind wir weder verpflichtet noch bereit.<\/p><p><strong>BILDNACHWEISE<\/strong><\/p><p>Fotos: <a href=\"https:\/\/pl.fotolia.com\/\">https:\/\/pl.fotolia.com\/<\/a>, <a href=\"https:\/\/pl.depositphotos.com\/\">https:\/\/pl.depositphotos.com\/<\/a><\/p><p><strong>DATENSCHUT<\/strong><strong>Z<\/strong><strong>1. Information \u00fcber die Erhebung personenbezogener Daten und Anbieterkennzeichnung<\/strong><\/p><p>a) Im Folgenden informieren wir \u00fcber die Erhebung personenbezogener Daten bei Nutzung dieser Website. Personenbezogene Daten sind alle Daten, die auf Sie pers\u00f6nlich beziehbar sind, also z.\u2009B. Name, Adresse, E-Mail-Adressen, Nutzerverhalten.<\/p><p>b) Diensteanbieter gem. \u00a7 13 Telemediengesetz (TMG) und verantwortliche Stelle gem. \u00a7 3 Abs. 7 Bundesdatenschutzgesetz (BDSG) ist die AMB Software GmbH, vgl. dazu unser\u00a0<a href=\"https:\/\/www.kanzlei-wirtschaftsrecht.berlin\/impressum\/\">Impressum<\/a>.<\/p><p><strong>2. Rechte auf Auskunft und Widerruf<\/strong><\/p><p>a) \u00a0Sie haben das Recht, von uns jederzeit Auskunft zu verlangen \u00fcber die zu Ihnen bei uns gespeicherten Daten, sowie zu deren Herkunft, Empf\u00e4ngern oder Kategorien von Empf\u00e4ngern, an die diese Daten weitergegeben werden und den Zweck der Speicherung.<\/p><p>b) Wenn Sie eine Einwilligung zur Nutzung von Daten erteilt haben, k\u00f6nnen Sie diese jederzeit widerrufen.<\/p><p>c) Alle Informationsw\u00fcnsche, Auskunftsanfragen oder Widerspr\u00fcche zur Datenverarbeitung richten Sie bitte per E-Mail an office@ambsoft.de oder an die unter \u00a7 1 Abs. 2 genannte Adresse.<\/p><p><strong>3. Datensicherheit<\/strong><\/p><p>Wir unterhalten aktuelle technische Ma\u00dfnahmen zur Gew\u00e4hrleistung der Datensicherheit, insbesondere zum Schutz Ihrer personenbezogenen Daten vor Gefahren bei Daten\u00fcbertragungen sowie vor Kenntniserlangung durch Dritte. Diese werden dem aktuellen Stand der Technik entsprechend jeweils angepasst.<\/p><p><strong>4. Erhebung personenbezogener Daten bei informatorischer Nutzung<\/strong><\/p><p>a) Bei der blo\u00df informatorischen Nutzung der Website, also wenn Sie sich nicht zur Nutzung der Website anmelden, registrieren oder uns sonst Informationen \u00fcbermitteln, erheben wir keine personenbezogenen Daten, mit Ausnahme der Daten, die Ihr Browser \u00fcbermittelt, um Ihnen den Besuch der Website zu erm\u00f6glichen.<\/p><p>Diese sind:<\/p><ul><li>IP-Adresse<\/li><li>Datum und Uhrzeit der Anfrage<\/li><li>Zeitzonendifferenz zur Greenwich Mean Time (GMT)<\/li><li>Inhalt der Anforderung (konkrete Seite)<\/li><li>Zugriffsstatus\/HTTP-Statuscode<\/li><li>jeweils \u00fcbertragene Datenmenge<\/li><li>Website, von der die Anforderung kommt<\/li><li>Browser<\/li><li>Betriebssystem und dessen Oberfl\u00e4che<\/li><li>Sprache und Version der Browsersoftware.<\/li><\/ul><p>b) Weiterhin werden bei Nutzung der Website Cookies (insb. Session Cookies) auf Ihrem Rechner gespeichert. Bei Cookies handelt es sich um kleine Textdateien, die auf Ihrer Festplatte dem von Ihnen verwendeten Browser zugeordnet gespeichert werden und durch welche der Stelle, die den Cookie setzt (in diesem Fall also uns), bestimmte Informationen zuflie\u00dfen. Cookies k\u00f6nnen keine Programme ausf\u00fchren oder Viren auf Ihren Computer \u00fcbertragen. Sie dienen dazu, das Internetangebot insgesamt nutzerfreundlicher und effektiver zu machen.<\/p><p><strong>5.\u00a0Kontaktaufnahme per E-Mail oder Kontaktformular<\/strong><\/p><p>Bei Ihrer Kontaktaufnahme mit dem Diensteanbieter per E-Mail oder \u00fcber das Kontaktformular wird Ihre E-Mail-Adresse und, falls Sie dies angeben, Ihr Name und Ihre Telefonnummer von uns gespeichert, um Ihre Fragen zu beantworten.<\/p><p><strong>6. Einsatz von Google-Analytics<\/strong><\/p><p>a) Diese Website benutzt Google Analytics, einen Webanalysedienst der Google Inc. (\u201eGoogle\u201c). Google Analytics verwendet sog. \u201eCookies\u201c, Textdateien, die auf Ihrem Computer gespeichert werden und die eine Analyse der Benutzung der Website durch Sie erm\u00f6glichen. Die durch den Cookie erzeugten Informationen \u00fcber Ihre Benutzung dieser Website werden in der Regel an einen Server von Google in den USA \u00fcbertragen und dort gespeichert. Im Falle der Aktivierung der IP-Anonymisierung auf dieser Website, wird Ihre IP-Adresse von Google jedoch innerhalb von Mitgliedstaaten der Europ\u00e4ischen Union oder in anderen Vertragsstaaten des Abkommens \u00fcber den Europ\u00e4ischen Wirtschaftsraum zuvor gek\u00fcrzt. Nur in Ausnahmef\u00e4llen wird die volle IP-Adresse an einen Server von Google in den USA \u00fcbertragen und dort gek\u00fcrzt. Im Auftrag des Betreibers dieser Website wird Google diese Informationen benutzen, um Ihre Nutzung der Website auszuwerten, um Reports \u00fcber die Website-Aktivit\u00e4ten zusammenzustellen und um weitere mit der Website-Nutzung und der Internetnutzung verbundene Dienstleistungen gegen\u00fcber dem Website-Betreiber zu erbringen.<\/p><p>b) Die im Rahmen von Google Analytics von Ihrem Browser \u00fcbermittelte IP-Adresse wird nicht mit anderen Daten von Google zusammengef\u00fchrt.<\/p><\/div><\/div><div class=\"col-xs-12 col-md-6 text-xs-center right_col\"><h2>Technologien &amp; tools<\/h2><h2 class=\"separator\">&#8211;<\/h2><div class=\"ezrichtext-field\"><p>c) Sie k\u00f6nnen die Speicherung der Cookies durch eine entsprechende Einstellung Ihrer Browser-Software verhindern; wir weisen Sie jedoch darauf hin, dass Sie in diesem Fall gegebenenfalls nicht s\u00e4mtliche Funktionen dieser Website vollumf\u00e4nglich werden nutzen k\u00f6nnen.<\/p><p>d) Sie k\u00f6nnen dar\u00fcber hinaus die Erfassung der durch das Cookie erzeugten und auf Ihre Nutzung der Website bezogenen Daten (inkl. Ihrer IP-Adresse) an Google sowie die Verarbeitung dieser Daten durch Google verhindern, indem sie das unter dem folgenden Link verf\u00fcgbare Browser-Plug-in herunterladen und installieren:<\/p><p><a href=\"https:\/\/tools.google.com\/dlpage\/gaoptout?hl=de.3\">https:\/\/tools.google.com\/dlpa<\/a><\/p><p>e) Diese Website verwendet Google Analytics mit der Erweiterung \u201e_anonymizeIp()\u201c. Dadurch werden IP-Adressen gek\u00fcrzt weiterverarbeitet, eine direkte Personenbeziehbarkeit kann damit ausgeschlossen werden.<\/p><p>f) Die Nutzung von Google Analytics erfolgt in \u00dcbereinstimmung mit den Voraussetzungen, auf die sich die deutschen Datenschutzbeh\u00f6rden mit Google verst\u00e4ndigten. Informationen des Drittanbieters: Google Dublin, Google Ireland Ltd., Gordon House, Barrow Street, Dublin 4, Ireland, Fax: +353 (1) 436 1001.<\/p><p>Weitere Informationen zu Nutzungsbedingungen und Datenschutz von Google finden Sie unter <a href=\"https:\/\/www.google.com\/analytics\/terms\/de.html\">https:\/\/www.google.com\/ana<\/a>\u00a0bzw. unter\u00a0<a href=\"https:\/\/www.google.de\/intl\/de\/policies\/\">https:\/\/www.google.de\/intl\/de<\/a>.<\/p><p>\u00a0<\/p><p><strong>7. Social Media Plugins<\/strong><strong>a. Facebook<\/strong><\/p><p>Auf unserer Website ist der \u201cTEILEN\u201d-Button des sozialen Netzwerks Facebook eingebunden. Wenn Sie eine Seite unseres Webauftritts aufrufen, die dieses Plugin enth\u00e4lt, baut Ihr Browser eine direkte Verbindung mit den Servern von Facebook auf. Der Inhalt des Plugins wird von Facebook direkt an Ihren Browser \u00fcbermittelt und von diesem in die Webseite eingebunden.<\/p><p>Durch die Einbindung des Plugins erh\u00e4lt Facebook die Information, dass Ihr Browser die entsprechende Seite unseres Webauftritts aufgerufen hat, auch wenn Sie kein Facebook-Konto besitzen oder gerade nicht bei Facebook eingeloggt sind. Diese Information (einschlie\u00dflich Ihrer IP-Adresse) wird von Ihrem Browser direkt an einen Server von Facebook in den USA \u00fcbermittelt und dort gespeichert.<\/p><p>Sind Sie bei Facebook eingeloggt, kann Facebook den Besuch unserer Website Ihrem Facebook-Konto direkt zuordnen. Wenn Sie den \u201cTEILEN\u201d-Button bet\u00e4tigen, wird die entsprechende Information ebenfalls direkt an einen Server von Facebook \u00fcbermittelt und dort gespeichert. Die Informationen werden zudem \u00fcber Ihr Facebook-Profil, entsprechende Ihren Einstellungen, ver\u00f6ffentlicht.<\/p><p>Facebook kann diese Informationen zum Zwecke der Werbung, Marktforschung und bedarfsgerechten Gestaltung der Facebook-Seiten benutzen. Hierzu werden von Facebook Nutzungs-, Interessen- und Beziehungsprofile erstellt, z. B. um Ihre Nutzung unserer Website im Hinblick auf die Ihnen bei Facebook eingeblendeten Werbeanzeigen auszuwerten, andere Facebook-Nutzer \u00fcber Ihre Aktivit\u00e4ten auf unserer Website zu informieren und um weitere mit der Nutzung von Facebook verbundene Dienstleistungen zu erbringen.<\/p><p>Wenn Sie nicht m\u00f6chten, dass Facebook die \u00fcber unseren Webauftritt gesammelten Daten Ihrem Facebook-Konto zuordnet, m\u00fcssen Sie sich vor Ihrem Besuch unserer Website bei Facebook ausloggen.<\/p><p>Zweck und Umfang der Datenerhebung und die weitere Verarbeitung und Nutzung der Daten durch Facebook sowie Ihre diesbez\u00fcglichen Rechte und Einstellungsm\u00f6glichkeiten zum Schutz Ihrer Privatsph\u00e4re entnehmen Sie bitte den\u00a0<a href=\"http:\/\/de-de.facebook.com\/privacy\/explanation.php\">Datenschutzhinweisen von Facebook<\/a>.<\/p><p><strong>b. Google<\/strong><\/p><p>Auf unserer Website ist zudem die Schaltfl\u00e4che des sozialen Netzwerkes Google Plus eingebunden.<\/p><p>Wenn Sie eine Seite unseres Webauftritts aufrufen, die eine solche Schaltfl\u00e4che enth\u00e4lt, baut Ihr Browser eine direkte Verbindung mit den Servern von Google auf. Der Inhalt der Schaltfl\u00e4che wird von Google direkt an Ihren Browser \u00fcbermittelt und von diesem in die Webseite eingebunden. Wir haben daher keinen Einfluss auf den Umfang der Daten, die Google mit der Schaltfl\u00e4che erhebt. Laut Google werden ohne einen Klick auf die Schaltfl\u00e4che keine personenbezogenen Daten erhoben. Nur bei eingeloggten Mitgliedern, werden solche Daten, unter anderem die IP-Adresse, erhoben und verarbeitet.<\/p><p>Wenn Sie Google Plus-Mitglied sind und nicht m\u00f6chten, dass Google \u00fcber unseren Internetauftritt Daten \u00fcber Sie sammelt und mit Ihren bei Google gespeicherten Mitgliedsdaten verkn\u00fcpft, m\u00fcssen Sie sich vor Ihrem Besuch unseres Internetauftritts bei Google Plus ausloggen.<\/p><p>Zweck und Umfang der Datenerhebung und die weitere Verarbeitung und Nutzung der Daten durch Google sowie Ihre diesbez\u00fcglichen Rechte und Einstellungsm\u00f6glichkeiten zum Schutz Ihrer Privatsph\u00e4re entnehmen Sie bitte den\u00a0<a href=\"http:\/\/www.google.com\/intl\/de\/+\/policy\/+1button.html\">Google Datenschutzhinweisen<\/a>.<\/p><p><strong>c. LinkedIn<\/strong><\/p><p>Auf unserer Website ist schlie\u00dflich auch ein Plugin des Social Networkings LinkedIn eingebunden. Sie erkennen diese Plugins an dem LinkedIn-Logo. Wenn Sie eine Seite unseres Webauftritts aufrufen, die ein solches Plugin enth\u00e4lt, wird eine direkte Verbindung zwischen Ihrem Browser und dem LinkedIn-Server hergestellt. LinkedIn erh\u00e4lt dadurch die Information, dass Sie mit Ihrer IP-Adresse unsere Seite besucht haben. Wenn Sie den LinkedIn-Button bet\u00e4tigen, w\u00e4hrend Sie in Ihrem LinkedIn-Account eingeloggt sind, k\u00f6nnen Sie die Inhalte unserer Seiten auf Ihrem LinkedIn-Profil verlinken. Dadurch kann LinkedIn den Besuch unserer Seiten Ihrem Benutzerkonto zuordnen. Wir weisen darauf hin, dass wir als Anbieter der Seiten keine Kenntnis vom Inhalt der \u00fcbermittelten Daten sowie deren Nutzung durch LinkedIn erhalten.<\/p><p>Wenn Sie nicht w\u00fcnschen, dass LinkedIn den Besuch unserer Seiten zuordnen kann, loggen Sie sich bitte aus Ihrem LinkedIn-Benutzerkonto aus.<\/p><p>Weitere Informationen hierzu finden Sie in der Datenschutzerkl\u00e4rung von LinkedIn.<\/p><\/div><\/div><\/div>\t\t\t\t\t\t<\/div>\n\t\t\t\t<\/div>\n\t\t\t\t\t<\/div>\n\t\t\t\t<\/div>\n\t\t\t\t<\/div>\n\t\t","protected":false},"excerpt":{"rendered":"<p>Angaben gem\u00e4\u00df \u00a7 5 TMG:AMB Software GmbHKurf\u00fcrstendamm 19410707 Berlin Vertreten durch:Juanita Goniewicz KontaktTelefon: 49 30 589 17341E-Mail: office@ambsoft.de \u00a0 L\u00f6sung &#8211; Registereintrag Eintragung im Handelsregister.Registergericht: Amtsgericht CharlottenburgRegisternummer: HRB 184133 B Umsatzsteuer-IDUmsatzsteuer-Identifikationsnummer gem\u00e4\u00df \u00a727 a Umsatzsteuergesetz:DE311550516 HAFTUNGSAUSSCHLUSS Trotz sorgf\u00e4ltiger Bearbeitung der Inhalte der Website kann au\u00dferhalb bestehender Mandatsverh\u00e4ltnisse keine Haftung f\u00fcr die inhaltliche Richtigkeit, Vollst\u00e4ndigkeit und [&hellip;]<\/p>\n","protected":false},"author":1,"featured_media":0,"parent":0,"menu_order":0,"comment_status":"closed","ping_status":"closed","template":"","meta":{"_acf_changed":false,"footnotes":""},"class_list":["post-3331","page","type-page","status-publish","hentry"],"acf":[],"yoast_head":"<!-- This site is optimized with the Yoast SEO plugin v23.5 - https:\/\/yoast.com\/wordpress\/plugins\/seo\/ -->\n<title>Impressum - AMBsoftware<\/title>\n<meta name=\"robots\" content=\"noindex, follow, max-snippet:-1, max-image-preview:large, max-video-preview:-1\" \/>\n<meta property=\"og:locale\" content=\"de_DE\" \/>\n<meta property=\"og:type\" content=\"article\" \/>\n<meta property=\"og:title\" content=\"Impressum - AMBsoftware\" \/>\n<meta property=\"og:description\" content=\"Angaben gem\u00e4\u00df \u00a7 5 TMG:AMB Software GmbHKurf\u00fcrstendamm 19410707 Berlin Vertreten durch:Juanita Goniewicz KontaktTelefon: 49 30 589 17341E-Mail: office@ambsoft.de \u00a0 L\u00f6sung &#8211; Registereintrag Eintragung im Handelsregister.Registergericht: Amtsgericht CharlottenburgRegisternummer: HRB 184133 B Umsatzsteuer-IDUmsatzsteuer-Identifikationsnummer gem\u00e4\u00df \u00a727 a Umsatzsteuergesetz:DE311550516 HAFTUNGSAUSSCHLUSS Trotz sorgf\u00e4ltiger Bearbeitung der Inhalte der Website kann au\u00dferhalb bestehender Mandatsverh\u00e4ltnisse keine Haftung f\u00fcr die inhaltliche Richtigkeit, Vollst\u00e4ndigkeit und [&hellip;]\" \/>\n<meta property=\"og:url\" content=\"https:\/\/ambsoftware-com.gryf.ambsoft.pl\/de\/impressum\/\" \/>\n<meta property=\"og:site_name\" content=\"AMBsoftware\" \/>\n<meta property=\"article:modified_time\" content=\"2023-11-03T11:54:01+00:00\" \/>\n<meta name=\"twitter:card\" content=\"summary_large_image\" \/>\n<meta name=\"twitter:label1\" content=\"Est. reading time\" \/>\n\t<meta name=\"twitter:data1\" content=\"8 minutes\" \/>\n<script type=\"application\/ld+json\" class=\"yoast-schema-graph\">{\"@context\":\"https:\/\/schema.org\",\"@graph\":[{\"@type\":\"WebPage\",\"@id\":\"https:\/\/ambsoftware-com.gryf.ambsoft.pl\/de\/impressum\/\",\"url\":\"https:\/\/ambsoftware-com.gryf.ambsoft.pl\/de\/impressum\/\",\"name\":\"Impressum - AMBsoftware\",\"isPartOf\":{\"@id\":\"https:\/\/ambsoftware-com.gryf.ambsoft.pl\/de\/#website\"},\"datePublished\":\"2023-11-03T11:48:45+00:00\",\"dateModified\":\"2023-11-03T11:54:01+00:00\",\"breadcrumb\":{\"@id\":\"https:\/\/ambsoftware-com.gryf.ambsoft.pl\/de\/impressum\/#breadcrumb\"},\"inLanguage\":\"de-DE\",\"potentialAction\":[{\"@type\":\"ReadAction\",\"target\":[\"https:\/\/ambsoftware-com.gryf.ambsoft.pl\/de\/impressum\/\"]}]},{\"@type\":\"BreadcrumbList\",\"@id\":\"https:\/\/ambsoftware-com.gryf.ambsoft.pl\/de\/impressum\/#breadcrumb\",\"itemListElement\":[{\"@type\":\"ListItem\",\"position\":1,\"name\":\"Home\",\"item\":\"https:\/\/ambsoftware-com.gryf.ambsoft.pl\/de\/\"},{\"@type\":\"ListItem\",\"position\":2,\"name\":\"Impressum\"}]},{\"@type\":\"WebSite\",\"@id\":\"https:\/\/ambsoftware-com.gryf.ambsoft.pl\/de\/#website\",\"url\":\"https:\/\/ambsoftware-com.gryf.ambsoft.pl\/de\/\",\"name\":\"AMBsoftware\",\"description\":\"\",\"publisher\":{\"@id\":\"https:\/\/ambsoftware-com.gryf.ambsoft.pl\/de\/#organization\"},\"potentialAction\":[{\"@type\":\"SearchAction\",\"target\":{\"@type\":\"EntryPoint\",\"urlTemplate\":\"https:\/\/ambsoftware-com.gryf.ambsoft.pl\/de\/?s={search_term_string}\"},\"query-input\":{\"@type\":\"PropertyValueSpecification\",\"valueRequired\":true,\"valueName\":\"search_term_string\"}}],\"inLanguage\":\"de-DE\"},{\"@type\":\"Organization\",\"@id\":\"https:\/\/ambsoftware-com.gryf.ambsoft.pl\/de\/#organization\",\"name\":\"AMBsoftware\",\"url\":\"https:\/\/ambsoftware-com.gryf.ambsoft.pl\/de\/\",\"logo\":{\"@type\":\"ImageObject\",\"inLanguage\":\"de-DE\",\"@id\":\"https:\/\/ambsoftware-com.gryf.ambsoft.pl\/de\/#\/schema\/logo\/image\/\",\"url\":\"https:\/\/ambsoftware-com.gryf.ambsoft.pl\/wp-content\/uploads\/2023\/09\/logo.svg\",\"contentUrl\":\"https:\/\/ambsoftware-com.gryf.ambsoft.pl\/wp-content\/uploads\/2023\/09\/logo.svg\",\"width\":54,\"height\":54,\"caption\":\"AMBsoftware\"},\"image\":{\"@id\":\"https:\/\/ambsoftware-com.gryf.ambsoft.pl\/de\/#\/schema\/logo\/image\/\"}}]}<\/script>\n<!-- \/ Yoast SEO plugin. -->","yoast_head_json":{"title":"Impressum - AMBsoftware","robots":{"index":"noindex","follow":"follow","max-snippet":"max-snippet:-1","max-image-preview":"max-image-preview:large","max-video-preview":"max-video-preview:-1"},"og_locale":"de_DE","og_type":"article","og_title":"Impressum - AMBsoftware","og_description":"Angaben gem\u00e4\u00df \u00a7 5 TMG:AMB Software GmbHKurf\u00fcrstendamm 19410707 Berlin Vertreten durch:Juanita Goniewicz KontaktTelefon: 49 30 589 17341E-Mail: office@ambsoft.de \u00a0 L\u00f6sung &#8211; Registereintrag Eintragung im Handelsregister.Registergericht: Amtsgericht CharlottenburgRegisternummer: HRB 184133 B Umsatzsteuer-IDUmsatzsteuer-Identifikationsnummer gem\u00e4\u00df \u00a727 a Umsatzsteuergesetz:DE311550516 HAFTUNGSAUSSCHLUSS Trotz sorgf\u00e4ltiger Bearbeitung der Inhalte der Website kann au\u00dferhalb bestehender Mandatsverh\u00e4ltnisse keine Haftung f\u00fcr die inhaltliche Richtigkeit, Vollst\u00e4ndigkeit und [&hellip;]","og_url":"https:\/\/ambsoftware-com.gryf.ambsoft.pl\/de\/impressum\/","og_site_name":"AMBsoftware","article_modified_time":"2023-11-03T11:54:01+00:00","twitter_card":"summary_large_image","twitter_misc":{"Est. reading time":"8 minutes"},"schema":{"@context":"https:\/\/schema.org","@graph":[{"@type":"WebPage","@id":"https:\/\/ambsoftware-com.gryf.ambsoft.pl\/de\/impressum\/","url":"https:\/\/ambsoftware-com.gryf.ambsoft.pl\/de\/impressum\/","name":"Impressum - AMBsoftware","isPartOf":{"@id":"https:\/\/ambsoftware-com.gryf.ambsoft.pl\/de\/#website"},"datePublished":"2023-11-03T11:48:45+00:00","dateModified":"2023-11-03T11:54:01+00:00","breadcrumb":{"@id":"https:\/\/ambsoftware-com.gryf.ambsoft.pl\/de\/impressum\/#breadcrumb"},"inLanguage":"de-DE","potentialAction":[{"@type":"ReadAction","target":["https:\/\/ambsoftware-com.gryf.ambsoft.pl\/de\/impressum\/"]}]},{"@type":"BreadcrumbList","@id":"https:\/\/ambsoftware-com.gryf.ambsoft.pl\/de\/impressum\/#breadcrumb","itemListElement":[{"@type":"ListItem","position":1,"name":"Home","item":"https:\/\/ambsoftware-com.gryf.ambsoft.pl\/de\/"},{"@type":"ListItem","position":2,"name":"Impressum"}]},{"@type":"WebSite","@id":"https:\/\/ambsoftware-com.gryf.ambsoft.pl\/de\/#website","url":"https:\/\/ambsoftware-com.gryf.ambsoft.pl\/de\/","name":"AMBsoftware","description":"","publisher":{"@id":"https:\/\/ambsoftware-com.gryf.ambsoft.pl\/de\/#organization"},"potentialAction":[{"@type":"SearchAction","target":{"@type":"EntryPoint","urlTemplate":"https:\/\/ambsoftware-com.gryf.ambsoft.pl\/de\/?s={search_term_string}"},"query-input":{"@type":"PropertyValueSpecification","valueRequired":true,"valueName":"search_term_string"}}],"inLanguage":"de-DE"},{"@type":"Organization","@id":"https:\/\/ambsoftware-com.gryf.ambsoft.pl\/de\/#organization","name":"AMBsoftware","url":"https:\/\/ambsoftware-com.gryf.ambsoft.pl\/de\/","logo":{"@type":"ImageObject","inLanguage":"de-DE","@id":"https:\/\/ambsoftware-com.gryf.ambsoft.pl\/de\/#\/schema\/logo\/image\/","url":"https:\/\/ambsoftware-com.gryf.ambsoft.pl\/wp-content\/uploads\/2023\/09\/logo.svg","contentUrl":"https:\/\/ambsoftware-com.gryf.ambsoft.pl\/wp-content\/uploads\/2023\/09\/logo.svg","width":54,"height":54,"caption":"AMBsoftware"},"image":{"@id":"https:\/\/ambsoftware-com.gryf.ambsoft.pl\/de\/#\/schema\/logo\/image\/"}}]}},"_links":{"self":[{"href":"https:\/\/ambsoftware-com.gryf.ambsoft.pl\/de\/wp-json\/wp\/v2\/pages\/3331","targetHints":{"allow":["GET"]}}],"collection":[{"href":"https:\/\/ambsoftware-com.gryf.ambsoft.pl\/de\/wp-json\/wp\/v2\/pages"}],"about":[{"href":"https:\/\/ambsoftware-com.gryf.ambsoft.pl\/de\/wp-json\/wp\/v2\/types\/page"}],"author":[{"embeddable":true,"href":"https:\/\/ambsoftware-com.gryf.ambsoft.pl\/de\/wp-json\/wp\/v2\/users\/1"}],"replies":[{"embeddable":true,"href":"https:\/\/ambsoftware-com.gryf.ambsoft.pl\/de\/wp-json\/wp\/v2\/comments?post=3331"}],"version-history":[{"count":4,"href":"https:\/\/ambsoftware-com.gryf.ambsoft.pl\/de\/wp-json\/wp\/v2\/pages\/3331\/revisions"}],"predecessor-version":[{"id":3338,"href":"https:\/\/ambsoftware-com.gryf.ambsoft.pl\/de\/wp-json\/wp\/v2\/pages\/3331\/revisions\/3338"}],"wp:attachment":[{"href":"https:\/\/ambsoftware-com.gryf.ambsoft.pl\/de\/wp-json\/wp\/v2\/media?parent=3331"}],"curies":[{"name":"wp","href":"https:\/\/api.w.org\/{rel}","templated":true}]}}